{"id":473,"date":"2015-10-19T08:10:32","date_gmt":"2015-10-19T12:10:32","guid":{"rendered":"http:\/\/mydevhost.us\/saleh\/?page_id=473"},"modified":"2020-03-05T10:40:15","modified_gmt":"2020-03-05T15:40:15","slug":"removaldeportation-defense-and-federal-litigation","status":"publish","type":"page","link":"https:\/\/salehlaw.com\/es\/removaldeportation-defense-and-federal-litigation\/","title":{"rendered":"Abogado de defensa de deportaci\u00f3n y deportaci\u00f3n en Miami"},"content":{"rendered":"<div data-elementor-type=\"wp-page\" data-elementor-id=\"473\" class=\"elementor elementor-473\" data-elementor-post-type=\"page\">\n\t\t\t\t\t\t<section class=\"elementor-section elementor-top-section elementor-element elementor-element-858ac77 elementor-section-boxed elementor-section-height-default elementor-section-height-default\" data-id=\"858ac77\" data-element_type=\"section\">\n\t\t\t\t\t\t<div class=\"elementor-container elementor-column-gap-default\">\n\t\t\t\t\t<div class=\"elementor-column elementor-col-100 elementor-top-column elementor-element elementor-element-9d221e2\" data-id=\"9d221e2\" data-element_type=\"column\">\n\t\t\t<div class=\"elementor-widget-wrap elementor-element-populated\">\n\t\t\t\t\t\t<div class=\"elementor-element elementor-element-c1eec1b elementor-widget elementor-widget-heading\" data-id=\"c1eec1b\" data-element_type=\"widget\" data-widget_type=\"heading.default\">\n\t\t\t\t<div class=\"elementor-widget-container\">\n\t\t\t\t\t<h2 class=\"elementor-heading-title elementor-size-default\">Miami Removal\/Deportation Defense &amp; Federal Litigation Attorney<\/h2>\t\t\t\t<\/div>\n\t\t\t\t<\/div>\n\t\t\t\t\t<\/div>\n\t\t<\/div>\n\t\t\t\t\t<\/div>\n\t\t<\/section>\n\t\t\t\t<main class=\"elementor-section elementor-top-section elementor-element elementor-element-22fa4827 elementor-section-boxed elementor-section-height-default elementor-section-height-default\" data-id=\"22fa4827\" data-element_type=\"section\">\n\t\t\t\t\t\t<div class=\"elementor-container elementor-column-gap-default\">\n\t\t\t\t\t<div class=\"elementor-column elementor-col-100 elementor-top-column elementor-element elementor-element-4f60aa15\" data-id=\"4f60aa15\" data-element_type=\"column\">\n\t\t\t<div class=\"elementor-widget-wrap elementor-element-populated\">\n\t\t\t\t\t\t<div class=\"elementor-element elementor-element-3545ed0 elementor-widget elementor-widget-text-editor\" data-id=\"3545ed0\" data-element_type=\"widget\" data-widget_type=\"text-editor.default\">\n\t\t\t\t<div class=\"elementor-widget-container\">\n\t\t\t\t\t\t\t\t\t<p>Nuestra firma cuenta con una amplia experiencia en representaci\u00f3n de clientes en procedimientos de deportaci\u00f3n y deportaci\u00f3n ante los Tribunales de Inmigraci\u00f3n y la Junta de Apelaciones de Inmigraci\u00f3n, as\u00ed como en la litigaci\u00f3n de casos en tribunales federales ante los Tribunales de Distrito y de Circuito de Apelaciones de los Estados Unidos. Estos servicios incluyen, pero no se limitan a:<\/p><ul><li>Litigando las solicitudes de exenciones de inadmisibilidad y deportabilidad debido a problemas penales o de fraude u otras violaciones de inmigraci\u00f3n.<\/li><li>Litigando las solicitudes de cancelaci\u00f3n de deportaci\u00f3n para residentes permanentes y no permanentes.<\/li><li>Litigando las solicitudes de asilo, la retenci\u00f3n de expulsi\u00f3n y la asistencia en virtud de la Convenci\u00f3n contra la Tortura.<\/li><li>Mociones para reabrir o Misiones para reconsiderar ante los Tribunales de Inmigraci\u00f3n y la Junta de Apelaciones de Inmigraci\u00f3n.<\/li><li>Mociones para la suspensi\u00f3n de deportaci\u00f3n \/ deportaci\u00f3n ante los tribunales de inmigraci\u00f3n, la Junta de Apelaciones de Inmigraci\u00f3n y los tribunales de apelaci\u00f3n de circuito federal.<\/li><li>Solicitudes de suspensi\u00f3n de deportaci\u00f3n \/ deportaci\u00f3n con inmigraci\u00f3n y aduanas (ICE).<\/li><li>Solicitudes de Acci\u00f3n Diferida con Inmigraci\u00f3n y Control de Aduanas (ICE).<\/li><li>Representar a clientes en audiencias de fianzas ante los Tribunales de Inmigraci\u00f3n para buscar la liberaci\u00f3n de la detenci\u00f3n de inmigrantes.<\/li><li>Representar a los clientes ante la Junta de Apelaciones de Inmigraci\u00f3n en busca de una revisi\u00f3n de las decisiones de los Tribunales de Inmigraci\u00f3n.<\/li><li>Presentar demandas en un tribunal federal de distrito contra agencias o funcionarios del gobierno de los EE. UU. A fin de obligar a la acci\u00f3n sobre solicitudes de visa demoradas, solicitudes de residencia permanente y solicitudes de naturalizaci\u00f3n.<\/li><li>Presentar demandas en un tribunal federal de distrito contra agencias o funcionarios del gobierno de EE. UU. Para impugnar decisiones relacionadas con peticiones de visa, solicitudes de residencia permanente y solicitudes de naturalizaci\u00f3n.<\/li><li>Presentaci\u00f3n de solicitudes de revisi\u00f3n ante los Tribunales de Circuito de Apelaci\u00f3n federales para solicitar una revisi\u00f3n de las decisiones de la Junta de Apelaciones de Inmigraci\u00f3n o los Tribunales de Inmigraci\u00f3n.<\/li><\/ul>\t\t\t\t\t\t\t\t<\/div>\n\t\t\t\t<\/div>\n\t\t\t\t\t<\/div>\n\t\t<\/div>\n\t\t\t\t\t<\/div>\n\t\t<\/main>\n\t\t\t\t<section class=\"elementor-section elementor-top-section elementor-element elementor-element-a33b49f elementor-section-boxed elementor-section-height-default elementor-section-height-default\" data-id=\"a33b49f\" data-element_type=\"section\">\n\t\t\t\t\t\t<div class=\"elementor-container elementor-column-gap-default\">\n\t\t\t\t\t<div class=\"elementor-column elementor-col-100 elementor-top-column elementor-element elementor-element-c03c3f4\" data-id=\"c03c3f4\" data-element_type=\"column\">\n\t\t\t<div class=\"elementor-widget-wrap elementor-element-populated\">\n\t\t\t\t\t\t<div class=\"elementor-element elementor-element-18a6fcf elementor-widget elementor-widget-heading\" data-id=\"18a6fcf\" data-element_type=\"widget\" data-widget_type=\"heading.default\">\n\t\t\t\t<div class=\"elementor-widget-container\">\n\t\t\t\t\t<h2 class=\"elementor-heading-title elementor-size-default\">Our Other Services<\/h2>\t\t\t\t<\/div>\n\t\t\t\t<\/div>\n\t\t\t\t\t<\/div>\n\t\t<\/div>\n\t\t\t\t\t<\/div>\n\t\t<\/section>\n\t\t\t\t<section class=\"elementor-section elementor-top-section elementor-element elementor-element-3a1cdc6 elementor-section-boxed elementor-section-height-default elementor-section-height-default\" data-id=\"3a1cdc6\" data-element_type=\"section\">\n\t\t\t\t\t\t<div class=\"elementor-container elementor-column-gap-default\">\n\t\t\t\t\t<div class=\"elementor-column elementor-col-100 elementor-top-column elementor-element elementor-element-1b5d2d6\" data-id=\"1b5d2d6\" data-element_type=\"column\" data-settings=\"{&quot;motion_fx_motion_fx_scrolling&quot;:&quot;yes&quot;,&quot;motion_fx_translateY_effect&quot;:&quot;yes&quot;,&quot;motion_fx_translateY_speed&quot;:{&quot;unit&quot;:&quot;px&quot;,&quot;size&quot;:&quot;1&quot;,&quot;sizes&quot;:[]},&quot;motion_fx_translateY_affectedRange&quot;:{&quot;unit&quot;:&quot;%&quot;,&quot;size&quot;:&quot;&quot;,&quot;sizes&quot;:{&quot;start&quot;:&quot;0&quot;,&quot;end&quot;:&quot;50&quot;}},&quot;motion_fx_opacity_effect&quot;:&quot;yes&quot;,&quot;motion_fx_opacity_range&quot;:{&quot;unit&quot;:&quot;%&quot;,&quot;size&quot;:&quot;&quot;,&quot;sizes&quot;:{&quot;start&quot;:&quot;0&quot;,&quot;end&quot;:&quot;30&quot;}},&quot;motion_fx_devices&quot;:[&quot;desktop&quot;,&quot;tablet&quot;],&quot;motion_fx_opacity_direction&quot;:&quot;out-in&quot;,&quot;motion_fx_opacity_level&quot;:{&quot;unit&quot;:&quot;px&quot;,&quot;size&quot;:10,&quot;sizes&quot;:[]}}\">\n\t\t\t<div class=\"elementor-widget-wrap elementor-element-populated\">\n\t\t\t\t\t\t<section class=\"elementor-section elementor-inner-section elementor-element elementor-element-6bb01a9 elementor-section-boxed elementor-section-height-default elementor-section-height-default\" data-id=\"6bb01a9\" data-element_type=\"section\">\n\t\t\t\t\t\t<div class=\"elementor-container elementor-column-gap-default\">\n\t\t\t\t\t<div class=\"elementor-column elementor-col-50 elementor-inner-column elementor-element elementor-element-5536fc4\" data-id=\"5536fc4\" data-element_type=\"column\">\n\t\t\t<div class=\"elementor-widget-wrap elementor-element-populated\">\n\t\t\t\t\t\t<div class=\"elementor-element elementor-element-3f85878 elementor-cta--skin-cover elementor-cta--valign-middle elementor-widget elementor-widget-global elementor-global-21594 elementor-widget-call-to-action\" data-id=\"3f85878\" data-element_type=\"widget\" data-widget_type=\"call-to-action.default\">\n\t\t\t\t<div class=\"elementor-widget-container\">\n\t\t\t\t\t\t\t<a class=\"elementor-cta\" href=\"https:\/\/salehlaw.com\/employment-based-permanent-residence\/\">\n\t\t\t\t\t<div class=\"elementor-cta__bg-wrapper\">\n\t\t\t\t<div class=\"elementor-cta__bg elementor-bg\" style=\"background-image: url();\" role=\"img\" aria-label=\"\"><\/div>\n\t\t\t\t<div class=\"elementor-cta__bg-overlay\"><\/div>\n\t\t\t<\/div>\n\t\t\t\t\t\t\t<div class=\"elementor-cta__content\">\n\t\t\t\t\n\t\t\t\t\t\t\t\t\t<h3 class=\"elementor-cta__title elementor-cta__content-item elementor-content-item\">\n\t\t\t\t\t\tPermanent residence\t\t\t\t\t<\/h3>\n\t\t\t\t\n\t\t\t\t\t\t\t\t\t<div class=\"elementor-cta__description elementor-cta__content-item elementor-content-item\">\n\t\t\t\t\t\tEmployment-Based\t\t\t\t\t<\/div>\n\t\t\t\t\n\t\t\t\t\t\t\t<\/div>\n\t\t\t\t\t\t<\/a>\n\t\t\t\t\t\t<\/div>\n\t\t\t\t<\/div>\n\t\t\t\t\t<\/div>\n\t\t<\/div>\n\t\t\t\t<div class=\"elementor-column elementor-col-50 elementor-inner-column elementor-element elementor-element-6b9f86f\" data-id=\"6b9f86f\" data-element_type=\"column\">\n\t\t\t<div class=\"elementor-widget-wrap elementor-element-populated\">\n\t\t\t\t\t\t<div class=\"elementor-element elementor-element-d8f3cb7 elementor-cta--skin-cover elementor-cta--valign-middle elementor-widget elementor-widget-global elementor-global-21597 elementor-widget-call-to-action\" data-id=\"d8f3cb7\" data-element_type=\"widget\" data-widget_type=\"call-to-action.default\">\n\t\t\t\t<div class=\"elementor-widget-container\">\n\t\t\t\t\t\t\t<a class=\"elementor-cta\" href=\"https:\/\/salehlaw.com\/family-based-permanent-residence\/\">\n\t\t\t\t\t<div class=\"elementor-cta__bg-wrapper\">\n\t\t\t\t<div class=\"elementor-cta__bg elementor-bg\" style=\"background-image: url();\" role=\"img\" aria-label=\"\"><\/div>\n\t\t\t\t<div class=\"elementor-cta__bg-overlay\"><\/div>\n\t\t\t<\/div>\n\t\t\t\t\t\t\t<div class=\"elementor-cta__content\">\n\t\t\t\t\n\t\t\t\t\t\t\t\t\t<h3 class=\"elementor-cta__title elementor-cta__content-item elementor-content-item\">\n\t\t\t\t\t\tPermanent Residence\t\t\t\t\t<\/h3>\n\t\t\t\t\n\t\t\t\t\t\t\t\t\t<div class=\"elementor-cta__description elementor-cta__content-item elementor-content-item\">\n\t\t\t\t\t\tFamily-Based\t\t\t\t\t<\/div>\n\t\t\t\t\n\t\t\t\t\t\t\t<\/div>\n\t\t\t\t\t\t<\/a>\n\t\t\t\t\t\t<\/div>\n\t\t\t\t<\/div>\n\t\t\t\t\t<\/div>\n\t\t<\/div>\n\t\t\t\t\t<\/div>\n\t\t<\/section>\n\t\t\t\t<section class=\"elementor-section elementor-inner-section elementor-element elementor-element-dce8bc0 elementor-section-boxed elementor-section-height-default elementor-section-height-default\" data-id=\"dce8bc0\" data-element_type=\"section\">\n\t\t\t\t\t\t<div class=\"elementor-container elementor-column-gap-default\">\n\t\t\t\t\t<div class=\"elementor-column elementor-col-50 elementor-inner-column elementor-element elementor-element-7578e43\" data-id=\"7578e43\" data-element_type=\"column\">\n\t\t\t<div class=\"elementor-widget-wrap elementor-element-populated\">\n\t\t\t\t\t\t<div class=\"elementor-element elementor-element-1f0567d elementor-cta--skin-cover elementor-cta--valign-middle elementor-widget elementor-widget-global elementor-global-21614 elementor-widget-call-to-action\" data-id=\"1f0567d\" data-element_type=\"widget\" data-widget_type=\"call-to-action.default\">\n\t\t\t\t<div class=\"elementor-widget-container\">\n\t\t\t\t\t\t\t<a class=\"elementor-cta\" href=\"https:\/\/salehlaw.com\/nonimmigrant-visas\/\">\n\t\t\t\t\t<div class=\"elementor-cta__bg-wrapper\">\n\t\t\t\t<div class=\"elementor-cta__bg elementor-bg\" style=\"background-image: url();\" role=\"img\" aria-label=\"\"><\/div>\n\t\t\t\t<div class=\"elementor-cta__bg-overlay\"><\/div>\n\t\t\t<\/div>\n\t\t\t\t\t\t\t<div class=\"elementor-cta__content\">\n\t\t\t\t\n\t\t\t\t\t\t\t\t\t<h2 class=\"elementor-cta__title elementor-cta__content-item elementor-content-item\">\n\t\t\t\t\t\tVisas de No inmigrante\t\t\t\t\t<\/h2>\n\t\t\t\t\n\t\t\t\t\n\t\t\t\t\t\t\t\t\t<div class=\"elementor-cta__button-wrapper elementor-cta__content-item elementor-content-item\">\n\t\t\t\t\t<span class=\"elementor-cta__button elementor-button elementor-size-\">\n\t\t\t\t\t\tClick Here\t\t\t\t\t<\/span>\n\t\t\t\t\t<\/div>\n\t\t\t\t\t\t\t<\/div>\n\t\t\t\t\t\t<\/a>\n\t\t\t\t\t\t<\/div>\n\t\t\t\t<\/div>\n\t\t\t\t\t<\/div>\n\t\t<\/div>\n\t\t\t\t<div class=\"elementor-column elementor-col-50 elementor-inner-column elementor-element elementor-element-965e4bb\" data-id=\"965e4bb\" data-element_type=\"column\">\n\t\t\t<div class=\"elementor-widget-wrap elementor-element-populated\">\n\t\t\t\t\t\t<div class=\"elementor-element elementor-element-1d625c0 elementor-cta--skin-cover elementor-cta--valign-middle elementor-widget elementor-widget-global elementor-global-21603 elementor-widget-call-to-action\" data-id=\"1d625c0\" data-element_type=\"widget\" data-widget_type=\"call-to-action.default\">\n\t\t\t\t<div class=\"elementor-widget-container\">\n\t\t\t\t\t\t\t<a class=\"elementor-cta\" href=\"https:\/\/salehlaw.com\/representation-before-uscis-ice-usdos\/\">\n\t\t\t\t\t<div class=\"elementor-cta__bg-wrapper\">\n\t\t\t\t<div class=\"elementor-cta__bg elementor-bg\" style=\"background-image: url();\" role=\"img\" aria-label=\"\"><\/div>\n\t\t\t\t<div class=\"elementor-cta__bg-overlay\"><\/div>\n\t\t\t<\/div>\n\t\t\t\t\t\t\t<div class=\"elementor-cta__content\">\n\t\t\t\t\n\t\t\t\t\t\t\t\t\t<h3 class=\"elementor-cta__title elementor-cta__content-item elementor-content-item\">\n\t\t\t\t\t\tRepresentaci\u00f3n ante USCIS, ICE, y USDOS\t\t\t\t\t<\/h3>\n\t\t\t\t\n\t\t\t\t\n\t\t\t\t\t\t\t<\/div>\n\t\t\t\t\t\t<\/a>\n\t\t\t\t\t\t<\/div>\n\t\t\t\t<\/div>\n\t\t\t\t\t<\/div>\n\t\t<\/div>\n\t\t\t\t\t<\/div>\n\t\t<\/section>\n\t\t\t\t\t<\/div>\n\t\t<\/div>\n\t\t\t\t\t<\/div>\n\t\t<\/section>\n\t\t\t\t<\/div>","protected":false},"excerpt":{"rendered":"<p>Miami Removal\/Deportation Defense &amp; Federal Litigation Attorney Our firm has extensive experience representing clients in removal and deportation proceedings before the Immigration Courts and the Board of Immigration Appeals, as well as litigating cases in federal court before the U.S. District Courts and Circuit Courts of Appeal.&nbsp; These services include, but are not limited to: [&hellip;]<\/p>","protected":false},"author":6,"featured_media":0,"parent":0,"menu_order":0,"comment_status":"closed","ping_status":"closed","template":"elementor_header_footer","meta":{"footnotes":""},"class_list":["post-473","page","type-page","status-publish","hentry"],"yoast_head":"<!-- This site is optimized with the Yoast SEO plugin v26.8 - https:\/\/yoast.com\/product\/yoast-seo-wordpress\/ -->\n<title>Miami Removal Deportation Defense | Federal Litigation Attorney | Saleh<\/title>\n<meta name=\"description\" content=\"The Miami immigration lawyers at Saleh &amp; Associates are experts in removal and deportation defense cases. We understand federal litigation.\" \/>\n<meta name=\"robots\" content=\"index, follow, max-snippet:-1, max-image-preview:large, max-video-preview:-1\" \/>\n<link rel=\"canonical\" href=\"https:\/\/salehlaw.com\/es\/removaldeportation-defense-and-federal-litigation\/\" \/>\n<meta property=\"og:locale\" content=\"es_ES\" \/>\n<meta property=\"og:type\" content=\"article\" \/>\n<meta property=\"og:title\" content=\"Miami Removal Deportation Defense | Federal Litigation Attorney | Saleh\" \/>\n<meta property=\"og:description\" content=\"The Miami immigration lawyers at Saleh &amp; Associates are experts in removal and deportation defense cases. We understand federal litigation.\" \/>\n<meta property=\"og:url\" content=\"https:\/\/salehlaw.com\/es\/removaldeportation-defense-and-federal-litigation\/\" \/>\n<meta property=\"og:site_name\" content=\"Saleh &amp; Associates\" \/>\n<meta property=\"article:publisher\" content=\"https:\/\/www.facebook.com\/MiamiImmigrationLawyers\" \/>\n<meta property=\"article:modified_time\" content=\"2020-03-05T15:40:15+00:00\" \/>\n<meta name=\"twitter:label1\" content=\"Tiempo de lectura\" \/>\n\t<meta name=\"twitter:data1\" content=\"1 minuto\" \/>\n<script type=\"application\/ld+json\" class=\"yoast-schema-graph\">{\"@context\":\"https:\/\/schema.org\",\"@graph\":[{\"@type\":\"WebPage\",\"@id\":\"https:\/\/salehlaw.com\/removaldeportation-defense-and-federal-litigation\/\",\"url\":\"https:\/\/salehlaw.com\/removaldeportation-defense-and-federal-litigation\/\",\"name\":\"Miami Removal Deportation Defense | Federal Litigation Attorney | Saleh\",\"isPartOf\":{\"@id\":\"https:\/\/salehlaw.com\/#website\"},\"datePublished\":\"2015-10-19T12:10:32+00:00\",\"dateModified\":\"2020-03-05T15:40:15+00:00\",\"description\":\"The Miami immigration lawyers at Saleh & Associates are experts in removal and deportation defense cases. We understand federal litigation.\",\"breadcrumb\":{\"@id\":\"https:\/\/salehlaw.com\/removaldeportation-defense-and-federal-litigation\/#breadcrumb\"},\"inLanguage\":\"es\",\"potentialAction\":[{\"@type\":\"ReadAction\",\"target\":[\"https:\/\/salehlaw.com\/removaldeportation-defense-and-federal-litigation\/\"]}]},{\"@type\":\"BreadcrumbList\",\"@id\":\"https:\/\/salehlaw.com\/removaldeportation-defense-and-federal-litigation\/#breadcrumb\",\"itemListElement\":[{\"@type\":\"ListItem\",\"position\":1,\"name\":\"Home\",\"item\":\"https:\/\/salehlaw.com\/\"},{\"@type\":\"ListItem\",\"position\":2,\"name\":\"Miami Removal\/Deportation Defense &#038; Federal Litigation Attorney\"}]},{\"@type\":\"WebSite\",\"@id\":\"https:\/\/salehlaw.com\/#website\",\"url\":\"https:\/\/salehlaw.com\/\",\"name\":\"Saleh &amp; Associates\",\"description\":\"Immigration Law\",\"publisher\":{\"@id\":\"https:\/\/salehlaw.com\/#organization\"},\"potentialAction\":[{\"@type\":\"SearchAction\",\"target\":{\"@type\":\"EntryPoint\",\"urlTemplate\":\"https:\/\/salehlaw.com\/?s={search_term_string}\"},\"query-input\":{\"@type\":\"PropertyValueSpecification\",\"valueRequired\":true,\"valueName\":\"search_term_string\"}}],\"inLanguage\":\"es\"},{\"@type\":\"Organization\",\"@id\":\"https:\/\/salehlaw.com\/#organization\",\"name\":\"Saleh & Associates\",\"url\":\"https:\/\/salehlaw.com\/\",\"logo\":{\"@type\":\"ImageObject\",\"inLanguage\":\"es\",\"@id\":\"https:\/\/salehlaw.com\/#\/schema\/logo\/image\/\",\"url\":\"https:\/\/salehlaw.com\/wp-content\/uploads\/2015\/01\/logo.png\",\"contentUrl\":\"https:\/\/salehlaw.com\/wp-content\/uploads\/2015\/01\/logo.png\",\"width\":403,\"height\":195,\"caption\":\"Saleh & Associates\"},\"image\":{\"@id\":\"https:\/\/salehlaw.com\/#\/schema\/logo\/image\/\"},\"sameAs\":[\"https:\/\/www.facebook.com\/MiamiImmigrationLawyers\",\"https:\/\/x.com\/ImmigrationMIA\",\"https:\/\/www.linkedin.com\/company\/3298397\",\"https:\/\/www.youtube.com\/channel\/UCOgz738dRxVQ_j_Yn68i55Q\"]}]}<\/script>\n<!-- \/ Yoast SEO plugin. -->","yoast_head_json":{"title":"Miami Removal Deportation Defense | Federal Litigation Attorney | Saleh","description":"The Miami immigration lawyers at Saleh & Associates are experts in removal and deportation defense cases. We understand federal litigation.","robots":{"index":"index","follow":"follow","max-snippet":"max-snippet:-1","max-image-preview":"max-image-preview:large","max-video-preview":"max-video-preview:-1"},"canonical":"https:\/\/salehlaw.com\/es\/removaldeportation-defense-and-federal-litigation\/","og_locale":"es_ES","og_type":"article","og_title":"Miami Removal Deportation Defense | Federal Litigation Attorney | Saleh","og_description":"The Miami immigration lawyers at Saleh & Associates are experts in removal and deportation defense cases. We understand federal litigation.","og_url":"https:\/\/salehlaw.com\/es\/removaldeportation-defense-and-federal-litigation\/","og_site_name":"Saleh &amp; Associates","article_publisher":"https:\/\/www.facebook.com\/MiamiImmigrationLawyers","article_modified_time":"2020-03-05T15:40:15+00:00","twitter_misc":{"Tiempo de lectura":"1 minuto"},"schema":{"@context":"https:\/\/schema.org","@graph":[{"@type":"WebPage","@id":"https:\/\/salehlaw.com\/removaldeportation-defense-and-federal-litigation\/","url":"https:\/\/salehlaw.com\/removaldeportation-defense-and-federal-litigation\/","name":"Miami Removal Deportation Defense | Federal Litigation Attorney | Saleh","isPartOf":{"@id":"https:\/\/salehlaw.com\/#website"},"datePublished":"2015-10-19T12:10:32+00:00","dateModified":"2020-03-05T15:40:15+00:00","description":"The Miami immigration lawyers at Saleh & Associates are experts in removal and deportation defense cases. We understand federal litigation.","breadcrumb":{"@id":"https:\/\/salehlaw.com\/removaldeportation-defense-and-federal-litigation\/#breadcrumb"},"inLanguage":"es","potentialAction":[{"@type":"ReadAction","target":["https:\/\/salehlaw.com\/removaldeportation-defense-and-federal-litigation\/"]}]},{"@type":"BreadcrumbList","@id":"https:\/\/salehlaw.com\/removaldeportation-defense-and-federal-litigation\/#breadcrumb","itemListElement":[{"@type":"ListItem","position":1,"name":"Home","item":"https:\/\/salehlaw.com\/"},{"@type":"ListItem","position":2,"name":"Miami Removal\/Deportation Defense &#038; Federal Litigation Attorney"}]},{"@type":"WebSite","@id":"https:\/\/salehlaw.com\/#website","url":"https:\/\/salehlaw.com\/","name":"Saleh &amp; Asociados","description":"Immigration Law","publisher":{"@id":"https:\/\/salehlaw.com\/#organization"},"potentialAction":[{"@type":"SearchAction","target":{"@type":"EntryPoint","urlTemplate":"https:\/\/salehlaw.com\/?s={search_term_string}"},"query-input":{"@type":"PropertyValueSpecification","valueRequired":true,"valueName":"search_term_string"}}],"inLanguage":"es"},{"@type":"Organization","@id":"https:\/\/salehlaw.com\/#organization","name":"Saleh &amp; Asociados","url":"https:\/\/salehlaw.com\/","logo":{"@type":"ImageObject","inLanguage":"es","@id":"https:\/\/salehlaw.com\/#\/schema\/logo\/image\/","url":"https:\/\/salehlaw.com\/wp-content\/uploads\/2015\/01\/logo.png","contentUrl":"https:\/\/salehlaw.com\/wp-content\/uploads\/2015\/01\/logo.png","width":403,"height":195,"caption":"Saleh & Associates"},"image":{"@id":"https:\/\/salehlaw.com\/#\/schema\/logo\/image\/"},"sameAs":["https:\/\/www.facebook.com\/MiamiImmigrationLawyers","https:\/\/x.com\/ImmigrationMIA","https:\/\/www.linkedin.com\/company\/3298397","https:\/\/www.youtube.com\/channel\/UCOgz738dRxVQ_j_Yn68i55Q"]}]}},"_links":{"self":[{"href":"https:\/\/salehlaw.com\/es\/wp-json\/wp\/v2\/pages\/473","targetHints":{"allow":["GET"]}}],"collection":[{"href":"https:\/\/salehlaw.com\/es\/wp-json\/wp\/v2\/pages"}],"about":[{"href":"https:\/\/salehlaw.com\/es\/wp-json\/wp\/v2\/types\/page"}],"author":[{"embeddable":true,"href":"https:\/\/salehlaw.com\/es\/wp-json\/wp\/v2\/users\/6"}],"replies":[{"embeddable":true,"href":"https:\/\/salehlaw.com\/es\/wp-json\/wp\/v2\/comments?post=473"}],"version-history":[{"count":8,"href":"https:\/\/salehlaw.com\/es\/wp-json\/wp\/v2\/pages\/473\/revisions"}],"predecessor-version":[{"id":21702,"href":"https:\/\/salehlaw.com\/es\/wp-json\/wp\/v2\/pages\/473\/revisions\/21702"}],"wp:attachment":[{"href":"https:\/\/salehlaw.com\/es\/wp-json\/wp\/v2\/media?parent=473"}],"curies":[{"name":"wp","href":"https:\/\/api.w.org\/{rel}","templated":true}]}}