{"id":471,"date":"2015-10-19T08:10:09","date_gmt":"2015-10-19T12:10:09","guid":{"rendered":"http:\/\/mydevhost.us\/saleh\/?page_id=471"},"modified":"2020-03-05T10:58:36","modified_gmt":"2020-03-05T15:58:36","slug":"nonimmigrant-visas","status":"publish","type":"page","link":"https:\/\/salehlaw.com\/es\/nonimmigrant-visas\/","title":{"rendered":"Miami Nonimmigrant Visas Attorney"},"content":{"rendered":"<div data-elementor-type=\"wp-page\" data-elementor-id=\"471\" class=\"elementor elementor-471\" data-elementor-post-type=\"page\">\n\t\t\t\t\t\t<section class=\"elementor-section elementor-top-section elementor-element elementor-element-4f5e070 elementor-section-boxed elementor-section-height-default elementor-section-height-default\" data-id=\"4f5e070\" data-element_type=\"section\">\n\t\t\t\t\t\t<div class=\"elementor-container elementor-column-gap-default\">\n\t\t\t\t\t<div class=\"elementor-column elementor-col-100 elementor-top-column elementor-element elementor-element-4eaa12b\" data-id=\"4eaa12b\" data-element_type=\"column\">\n\t\t\t<div class=\"elementor-widget-wrap elementor-element-populated\">\n\t\t\t\t\t\t<div class=\"elementor-element elementor-element-e51a3dc elementor-widget elementor-widget-heading\" data-id=\"e51a3dc\" data-element_type=\"widget\" data-widget_type=\"heading.default\">\n\t\t\t\t<div class=\"elementor-widget-container\">\n\t\t\t\t\t<h2 class=\"elementor-heading-title elementor-size-default\">Miami Nonimmigrant Visas Attorney<\/h2>\t\t\t\t<\/div>\n\t\t\t\t<\/div>\n\t\t\t\t\t<\/div>\n\t\t<\/div>\n\t\t\t\t\t<\/div>\n\t\t<\/section>\n\t\t\t\t<section class=\"elementor-section elementor-top-section elementor-element elementor-element-643536d elementor-section-boxed elementor-section-height-default elementor-section-height-default\" data-id=\"643536d\" data-element_type=\"section\">\n\t\t\t\t\t\t<div class=\"elementor-container elementor-column-gap-default\">\n\t\t\t\t\t<div class=\"elementor-column elementor-col-100 elementor-top-column elementor-element elementor-element-f7549bd\" data-id=\"f7549bd\" data-element_type=\"column\">\n\t\t\t<div class=\"elementor-widget-wrap elementor-element-populated\">\n\t\t\t\t\t\t<div class=\"elementor-element elementor-element-5f61b822 elementor-widget elementor-widget-text-editor\" data-id=\"5f61b822\" data-element_type=\"widget\" data-widget_type=\"text-editor.default\">\n\t\t\t\t<div class=\"elementor-widget-container\">\n\t\t\t\t\t\t\t\t\t<h5>Visas de trabajo temporal<\/h5>\n<p>H-1B \u2013 Professional\/Specialty Occupations that require a minimum of a bachelor\u2019s degree (or its equivalent) in a specific academic field.&nbsp; Only 65,000<\/p>\n<p>H-1B1 - Disponible para ciudadanos de Chile o Singapur.<\/p>\n<p>H-2A - Servicios agr\u00edcolas<\/p>\n<p>H-2B: servicios no agr\u00edcolas de una sola vez, de temporada, de carga m\u00e1xima o intermitentes.<\/p>\n<p>E-3 - Disponible para ciudadanos de Australia.<\/p>\n<p>TN - Disponible para ciudadanos de Canad\u00e1 o M\u00e9xico<\/p>\n<p>NOTE: Under current law, only 65,000 foreign nationals may be issued a visa or otherwise provided H-1B status each fiscal year.&nbsp; The law exempts up to 20,000 foreign nationals holding a master\u2019s or higher degree from U.S. universities from the H-1B cap. In addition, H-1B non-immigrants who work at (but not necessarily for) universities and non-profit research facilities are exempt from the H-1B cap.<\/p>\n<h5>Visa de entrenamiento<\/h5>\n<p>H-3 \u2013 Trainee to receive training, other than graduate or medical education training, that is not available in the alien\u2019s home country.&nbsp; This classification is not intended for U.S. employment.&nbsp; It is designed to provide the trainee with job-related training for work that will ultimately be performed outside the United States.<\/p>\n<h5>Visas de estudiante<\/h5>\n<p>F-1 - Estudiante Acad\u00e9mico<\/p>\n<p>M-1 - Estudiante vocacional<\/p>\n<p>J-1 - visitante de intercambio<\/p>\n<h5>Visas de deportista y animador<\/h5>\n<p>P-1A - Atletas individuales o de equipo reconocidos internacionalmente<\/p>\n<p>P-1B - Miembros de un grupo de entretenimiento que son reconocidos internacionalmente.<\/p>\n<p>P-2 - Artistas o artistas que actuar\u00e1n bajo un programa de intercambio rec\u00edproco.<\/p>\n<p>P-3 - Artistas o artistas que act\u00faan bajo un programa que es culturalmente \u00fanico.<\/p>\n<h5>Visas de Transferencia entre empresas<\/h5>\n<p>L-1A - Ejecutivo o Gerentes<\/p>\n<p>L-1B - Empleados de conocimientos especializados.<\/p>\n<h5>Visas de Habilidad Extraordinaria<\/h5>\n<p>O-1A: individuos con una habilidad extraordinaria en ciencias, educaci\u00f3n, negocios o atletismo (sin incluir las artes, las pel\u00edculas o la industria de la televisi\u00f3n)<\/p>\n<p>O-1B: individuos con una habilidad extraordinaria en las artes o logros extraordinarios en la industria cinematogr\u00e1fica o televisiva.<\/p>\n<p>O-2 \u2013 Individuals who will accompany an O-1, artist or athlete, to assist in a specific event or performance.&nbsp; For an O-1A, the O-2\u2019s assistance must be an \u201cintegral part\u201d of the O-1A\u2019s activity.&nbsp; For an O-1B, the O-2\u2019s assistance must be \u201cessential\u201d to the completion of the O-1B\u2019s production.<\/p>\n<h5>Novio (e) de ciudadano estadounidense<\/h5>\n<p>K-1<\/p>\n<p>K-2: hijos solteros, menores de 21 a\u00f1os, de un beneficiario de visa K-1<\/p>\n<h5>Visitantes temporales<\/h5>\n<p>B-1 - Visitante por negocios<\/p>\n<p>B-2 - Visitantes por placer.<\/p>\n<h5>Visas de trabajadores religiosos<\/h5>\n<p>R-1: el individuo est\u00e1 viniendo a los Estados Unidos temporalmente para ser empleado por una organizaci\u00f3n religiosa sin fines de lucro en los Estados Unidos (o una organizaci\u00f3n que est\u00e1 afiliada con la denominaci\u00f3n religiosa en los Estados Unidos) para trabajar como ministro o en Una vocaci\u00f3n u ocupaci\u00f3n religiosa.<\/p>\n<h5>Inversionista de Tratado y Visa de Comerciante de Tratado.<\/h5>\n<p>E-1: permite que un ciudadano de un pa\u00eds con tratado trabaje en los EE. UU. En funci\u00f3n de una empresa que \u00e9l o ella controle y que realice &quot;comercio sustancial&quot; (<i>es decir<\/i>, international exchange of goods, services, and technology) with the Treaty Country.&nbsp; More than 50% of the international trade involved must be between the U.S. and the Treaty Country.<\/p>\n<p>E-2: permite que un ciudadano de un pa\u00eds del Tratado trabaje en los EE. UU. Con base en una \u201cinversi\u00f3n sustancial\u201d en un negocio que \u00e9l o ella controle.<\/p>\n<p>The E-1 and E-2 visa category also allows for the employment of essential employees, supervisors or executives, or individuals who possess highly specialized skills essential to the efficient operation of the U.S. business.&nbsp; Ordinary skilled or unskilled workers do not qualify.&nbsp; In addition, the employee must be a citizen of the Treaty Country.<\/p>\n<h5>Visas para v\u00edctimas de ciertas actividades delictivas<\/h5>\n<p>U \u2013 For crime victims who have suffered substantial mental or physical abuse and are willing to assist law enforcement and government officials in the investigation or prosecution of the criminal activity.&nbsp; Only 10,000 may be issued each fiscal year.<\/p>\n<p>T \u2013 For victims of human trafficking who are willing to assist law enforcement in the investigation or prosecution of acts of trafficking.&nbsp; Only 5,000 may be issued each fiscal year.<\/p>\t\t\t\t\t\t\t\t<\/div>\n\t\t\t\t<\/div>\n\t\t\t\t\t<\/div>\n\t\t<\/div>\n\t\t\t\t\t<\/div>\n\t\t<\/section>\n\t\t\t\t<section class=\"elementor-section elementor-top-section elementor-element elementor-element-bd8cad3 elementor-section-boxed elementor-section-height-default elementor-section-height-default\" data-id=\"bd8cad3\" data-element_type=\"section\">\n\t\t\t\t\t\t<div class=\"elementor-container elementor-column-gap-default\">\n\t\t\t\t\t<div class=\"elementor-column elementor-col-100 elementor-top-column elementor-element elementor-element-680a18e\" data-id=\"680a18e\" data-element_type=\"column\">\n\t\t\t<div class=\"elementor-widget-wrap elementor-element-populated\">\n\t\t\t\t\t\t<div class=\"elementor-element elementor-element-fa55a65 elementor-widget elementor-widget-heading\" data-id=\"fa55a65\" data-element_type=\"widget\" data-widget_type=\"heading.default\">\n\t\t\t\t<div class=\"elementor-widget-container\">\n\t\t\t\t\t<h2 class=\"elementor-heading-title elementor-size-default\">Our Other Services<\/h2>\t\t\t\t<\/div>\n\t\t\t\t<\/div>\n\t\t\t\t\t<\/div>\n\t\t<\/div>\n\t\t\t\t\t<\/div>\n\t\t<\/section>\n\t\t\t\t<section class=\"elementor-section elementor-top-section elementor-element elementor-element-6d1f233 elementor-section-boxed elementor-section-height-default elementor-section-height-default\" data-id=\"6d1f233\" data-element_type=\"section\">\n\t\t\t\t\t\t<div class=\"elementor-container elementor-column-gap-default\">\n\t\t\t\t\t<div class=\"elementor-column elementor-col-100 elementor-top-column elementor-element elementor-element-eed454a\" data-id=\"eed454a\" data-element_type=\"column\">\n\t\t\t<div class=\"elementor-widget-wrap elementor-element-populated\">\n\t\t\t\t\t\t<section class=\"elementor-section elementor-inner-section elementor-element elementor-element-3a6355a elementor-section-boxed elementor-section-height-default elementor-section-height-default\" data-id=\"3a6355a\" data-element_type=\"section\">\n\t\t\t\t\t\t<div class=\"elementor-container elementor-column-gap-default\">\n\t\t\t\t\t<div class=\"elementor-column elementor-col-50 elementor-inner-column elementor-element elementor-element-2485663\" data-id=\"2485663\" data-element_type=\"column\">\n\t\t\t<div class=\"elementor-widget-wrap elementor-element-populated\">\n\t\t\t\t\t\t<div class=\"elementor-element elementor-element-0fde352 elementor-cta--skin-cover elementor-cta--valign-middle elementor-widget elementor-widget-global elementor-global-21594 elementor-widget-call-to-action\" data-id=\"0fde352\" data-element_type=\"widget\" data-widget_type=\"call-to-action.default\">\n\t\t\t\t<div class=\"elementor-widget-container\">\n\t\t\t\t\t\t\t<a class=\"elementor-cta\" href=\"https:\/\/salehlaw.com\/employment-based-permanent-residence\/\">\n\t\t\t\t\t<div class=\"elementor-cta__bg-wrapper\">\n\t\t\t\t<div class=\"elementor-cta__bg elementor-bg\" style=\"background-image: url();\" role=\"img\" aria-label=\"\"><\/div>\n\t\t\t\t<div class=\"elementor-cta__bg-overlay\"><\/div>\n\t\t\t<\/div>\n\t\t\t\t\t\t\t<div class=\"elementor-cta__content\">\n\t\t\t\t\n\t\t\t\t\t\t\t\t\t<h3 class=\"elementor-cta__title elementor-cta__content-item elementor-content-item\">\n\t\t\t\t\t\tPermanent residence\t\t\t\t\t<\/h3>\n\t\t\t\t\n\t\t\t\t\t\t\t\t\t<div class=\"elementor-cta__description elementor-cta__content-item elementor-content-item\">\n\t\t\t\t\t\tEmployment-Based\t\t\t\t\t<\/div>\n\t\t\t\t\n\t\t\t\t\t\t\t<\/div>\n\t\t\t\t\t\t<\/a>\n\t\t\t\t\t\t<\/div>\n\t\t\t\t<\/div>\n\t\t\t\t\t<\/div>\n\t\t<\/div>\n\t\t\t\t<div class=\"elementor-column elementor-col-50 elementor-inner-column elementor-element elementor-element-b3d59a5\" data-id=\"b3d59a5\" data-element_type=\"column\">\n\t\t\t<div class=\"elementor-widget-wrap elementor-element-populated\">\n\t\t\t\t\t\t<div class=\"elementor-element elementor-element-a1c8b31 elementor-cta--skin-cover elementor-cta--valign-middle elementor-widget elementor-widget-global elementor-global-21597 elementor-widget-call-to-action\" data-id=\"a1c8b31\" data-element_type=\"widget\" data-widget_type=\"call-to-action.default\">\n\t\t\t\t<div class=\"elementor-widget-container\">\n\t\t\t\t\t\t\t<a class=\"elementor-cta\" href=\"https:\/\/salehlaw.com\/family-based-permanent-residence\/\">\n\t\t\t\t\t<div class=\"elementor-cta__bg-wrapper\">\n\t\t\t\t<div class=\"elementor-cta__bg elementor-bg\" style=\"background-image: url();\" role=\"img\" aria-label=\"\"><\/div>\n\t\t\t\t<div class=\"elementor-cta__bg-overlay\"><\/div>\n\t\t\t<\/div>\n\t\t\t\t\t\t\t<div class=\"elementor-cta__content\">\n\t\t\t\t\n\t\t\t\t\t\t\t\t\t<h3 class=\"elementor-cta__title elementor-cta__content-item elementor-content-item\">\n\t\t\t\t\t\tPermanent Residence\t\t\t\t\t<\/h3>\n\t\t\t\t\n\t\t\t\t\t\t\t\t\t<div class=\"elementor-cta__description elementor-cta__content-item elementor-content-item\">\n\t\t\t\t\t\tFamily-Based\t\t\t\t\t<\/div>\n\t\t\t\t\n\t\t\t\t\t\t\t<\/div>\n\t\t\t\t\t\t<\/a>\n\t\t\t\t\t\t<\/div>\n\t\t\t\t<\/div>\n\t\t\t\t\t<\/div>\n\t\t<\/div>\n\t\t\t\t\t<\/div>\n\t\t<\/section>\n\t\t\t\t<section class=\"elementor-section elementor-inner-section elementor-element elementor-element-1e5bbe9 elementor-section-boxed elementor-section-height-default elementor-section-height-default\" data-id=\"1e5bbe9\" data-element_type=\"section\">\n\t\t\t\t\t\t<div class=\"elementor-container elementor-column-gap-default\">\n\t\t\t\t\t<div class=\"elementor-column elementor-col-50 elementor-inner-column elementor-element elementor-element-dc7156a\" data-id=\"dc7156a\" data-element_type=\"column\">\n\t\t\t<div class=\"elementor-widget-wrap elementor-element-populated\">\n\t\t\t\t\t\t<div class=\"elementor-element elementor-element-3f7eded elementor-cta--skin-cover elementor-cta--valign-middle elementor-widget elementor-widget-global elementor-global-21600 elementor-widget-call-to-action\" data-id=\"3f7eded\" data-element_type=\"widget\" data-widget_type=\"call-to-action.default\">\n\t\t\t\t<div class=\"elementor-widget-container\">\n\t\t\t\t\t\t\t<a class=\"elementor-cta\" href=\"https:\/\/salehlaw.com\/removaldeportation-defense-and-federal-litigation\/\">\n\t\t\t\t\t<div class=\"elementor-cta__bg-wrapper\">\n\t\t\t\t<div class=\"elementor-cta__bg elementor-bg\" style=\"background-image: url();\" role=\"img\" aria-label=\"\"><\/div>\n\t\t\t\t<div class=\"elementor-cta__bg-overlay\"><\/div>\n\t\t\t<\/div>\n\t\t\t\t\t\t\t<div class=\"elementor-cta__content\">\n\t\t\t\t\n\t\t\t\t\t\t\t\t\t<h3 class=\"elementor-cta__title elementor-cta__content-item elementor-content-item\">\n\t\t\t\t\t\tRemoval\/ Deportation Defense &amp; Federal Litigation\t\t\t\t\t<\/h3>\n\t\t\t\t\n\t\t\t\t\n\t\t\t\t\t\t\t<\/div>\n\t\t\t\t\t\t<\/a>\n\t\t\t\t\t\t<\/div>\n\t\t\t\t<\/div>\n\t\t\t\t\t<\/div>\n\t\t<\/div>\n\t\t\t\t<div class=\"elementor-column elementor-col-50 elementor-inner-column elementor-element elementor-element-c724b19\" data-id=\"c724b19\" data-element_type=\"column\">\n\t\t\t<div class=\"elementor-widget-wrap elementor-element-populated\">\n\t\t\t\t\t\t<div class=\"elementor-element elementor-element-f9532b5 elementor-cta--skin-cover elementor-cta--valign-middle elementor-widget elementor-widget-global elementor-global-21603 elementor-widget-call-to-action\" data-id=\"f9532b5\" data-element_type=\"widget\" data-widget_type=\"call-to-action.default\">\n\t\t\t\t<div class=\"elementor-widget-container\">\n\t\t\t\t\t\t\t<a class=\"elementor-cta\" href=\"https:\/\/salehlaw.com\/representation-before-uscis-ice-usdos\/\">\n\t\t\t\t\t<div class=\"elementor-cta__bg-wrapper\">\n\t\t\t\t<div class=\"elementor-cta__bg elementor-bg\" style=\"background-image: url();\" role=\"img\" aria-label=\"\"><\/div>\n\t\t\t\t<div class=\"elementor-cta__bg-overlay\"><\/div>\n\t\t\t<\/div>\n\t\t\t\t\t\t\t<div class=\"elementor-cta__content\">\n\t\t\t\t\n\t\t\t\t\t\t\t\t\t<h3 class=\"elementor-cta__title elementor-cta__content-item elementor-content-item\">\n\t\t\t\t\t\tRepresentaci\u00f3n ante USCIS, ICE, y USDOS\t\t\t\t\t<\/h3>\n\t\t\t\t\n\t\t\t\t\n\t\t\t\t\t\t\t<\/div>\n\t\t\t\t\t\t<\/a>\n\t\t\t\t\t\t<\/div>\n\t\t\t\t<\/div>\n\t\t\t\t\t<\/div>\n\t\t<\/div>\n\t\t\t\t\t<\/div>\n\t\t<\/section>\n\t\t\t\t\t<\/div>\n\t\t<\/div>\n\t\t\t\t\t<\/div>\n\t\t<\/section>\n\t\t\t\t<\/div>","protected":false},"excerpt":{"rendered":"<p>Miami Nonimmigrant Visas Attorney Temporary Work Visas H-1B \u2013 Professional\/Specialty Occupations that require a minimum of a bachelor\u2019s degree (or its equivalent) in a specific academic field.&nbsp; Only 65,000 H-1B1 \u2013 Available for citizens of Chile or Singapore H-2A \u2013 Agricultural services H-2B \u2013 Nonagricultural services on a one-time, seasonal, peakload, or intermittent basis. E-3 [&hellip;]<\/p>","protected":false},"author":6,"featured_media":0,"parent":0,"menu_order":0,"comment_status":"closed","ping_status":"closed","template":"elementor_header_footer","meta":{"footnotes":""},"class_list":["post-471","page","type-page","status-publish","hentry"],"yoast_head":"<!-- This site is optimized with the Yoast SEO plugin v26.8 - https:\/\/yoast.com\/product\/yoast-seo-wordpress\/ -->\n<title>Miami Nonimmigrant Visas Attorney | Saleh &amp; Associates | Immigration<\/title>\n<meta name=\"description\" content=\"The Miami immigration lawyers at Saleh &amp; Associates are experts in nonimmigrant visas. We handle all types of U.S. immigration cases.\" \/>\n<meta name=\"robots\" content=\"index, follow, max-snippet:-1, max-image-preview:large, max-video-preview:-1\" \/>\n<link rel=\"canonical\" href=\"https:\/\/salehlaw.com\/es\/nonimmigrant-visas\/\" \/>\n<meta property=\"og:locale\" content=\"es_ES\" \/>\n<meta property=\"og:type\" content=\"article\" \/>\n<meta property=\"og:title\" content=\"Miami Nonimmigrant Visas Attorney | Saleh &amp; Associates | Immigration\" \/>\n<meta property=\"og:description\" content=\"The Miami immigration lawyers at Saleh &amp; Associates are experts in nonimmigrant visas. We handle all types of U.S. immigration cases.\" \/>\n<meta property=\"og:url\" content=\"https:\/\/salehlaw.com\/es\/nonimmigrant-visas\/\" \/>\n<meta property=\"og:site_name\" content=\"Saleh &amp; Associates\" \/>\n<meta property=\"article:publisher\" content=\"https:\/\/www.facebook.com\/MiamiImmigrationLawyers\" \/>\n<meta property=\"article:modified_time\" content=\"2020-03-05T15:58:36+00:00\" \/>\n<meta name=\"twitter:label1\" content=\"Tiempo de lectura\" \/>\n\t<meta name=\"twitter:data1\" content=\"3 minutos\" \/>\n<script type=\"application\/ld+json\" class=\"yoast-schema-graph\">{\"@context\":\"https:\/\/schema.org\",\"@graph\":[{\"@type\":\"WebPage\",\"@id\":\"https:\/\/salehlaw.com\/nonimmigrant-visas\/\",\"url\":\"https:\/\/salehlaw.com\/nonimmigrant-visas\/\",\"name\":\"Miami Nonimmigrant Visas Attorney | Saleh &amp; Associates | Immigration\",\"isPartOf\":{\"@id\":\"https:\/\/salehlaw.com\/#website\"},\"datePublished\":\"2015-10-19T12:10:09+00:00\",\"dateModified\":\"2020-03-05T15:58:36+00:00\",\"description\":\"The Miami immigration lawyers at Saleh & Associates are experts in nonimmigrant visas. We handle all types of U.S. immigration cases.\",\"breadcrumb\":{\"@id\":\"https:\/\/salehlaw.com\/nonimmigrant-visas\/#breadcrumb\"},\"inLanguage\":\"es\",\"potentialAction\":[{\"@type\":\"ReadAction\",\"target\":[\"https:\/\/salehlaw.com\/nonimmigrant-visas\/\"]}]},{\"@type\":\"BreadcrumbList\",\"@id\":\"https:\/\/salehlaw.com\/nonimmigrant-visas\/#breadcrumb\",\"itemListElement\":[{\"@type\":\"ListItem\",\"position\":1,\"name\":\"Home\",\"item\":\"https:\/\/salehlaw.com\/\"},{\"@type\":\"ListItem\",\"position\":2,\"name\":\"Miami Nonimmigrant Visas Attorney\"}]},{\"@type\":\"WebSite\",\"@id\":\"https:\/\/salehlaw.com\/#website\",\"url\":\"https:\/\/salehlaw.com\/\",\"name\":\"Saleh &amp; Associates\",\"description\":\"Immigration Law\",\"publisher\":{\"@id\":\"https:\/\/salehlaw.com\/#organization\"},\"potentialAction\":[{\"@type\":\"SearchAction\",\"target\":{\"@type\":\"EntryPoint\",\"urlTemplate\":\"https:\/\/salehlaw.com\/?s={search_term_string}\"},\"query-input\":{\"@type\":\"PropertyValueSpecification\",\"valueRequired\":true,\"valueName\":\"search_term_string\"}}],\"inLanguage\":\"es\"},{\"@type\":\"Organization\",\"@id\":\"https:\/\/salehlaw.com\/#organization\",\"name\":\"Saleh & Associates\",\"url\":\"https:\/\/salehlaw.com\/\",\"logo\":{\"@type\":\"ImageObject\",\"inLanguage\":\"es\",\"@id\":\"https:\/\/salehlaw.com\/#\/schema\/logo\/image\/\",\"url\":\"https:\/\/salehlaw.com\/wp-content\/uploads\/2015\/01\/logo.png\",\"contentUrl\":\"https:\/\/salehlaw.com\/wp-content\/uploads\/2015\/01\/logo.png\",\"width\":403,\"height\":195,\"caption\":\"Saleh & Associates\"},\"image\":{\"@id\":\"https:\/\/salehlaw.com\/#\/schema\/logo\/image\/\"},\"sameAs\":[\"https:\/\/www.facebook.com\/MiamiImmigrationLawyers\",\"https:\/\/x.com\/ImmigrationMIA\",\"https:\/\/www.linkedin.com\/company\/3298397\",\"https:\/\/www.youtube.com\/channel\/UCOgz738dRxVQ_j_Yn68i55Q\"]}]}<\/script>\n<!-- \/ Yoast SEO plugin. -->","yoast_head_json":{"title":"Miami Nonimmigrant Visas Attorney | Saleh &amp; Associates | Immigration","description":"The Miami immigration lawyers at Saleh & Associates are experts in nonimmigrant visas. We handle all types of U.S. immigration cases.","robots":{"index":"index","follow":"follow","max-snippet":"max-snippet:-1","max-image-preview":"max-image-preview:large","max-video-preview":"max-video-preview:-1"},"canonical":"https:\/\/salehlaw.com\/es\/nonimmigrant-visas\/","og_locale":"es_ES","og_type":"article","og_title":"Miami Nonimmigrant Visas Attorney | Saleh &amp; Associates | Immigration","og_description":"The Miami immigration lawyers at Saleh & Associates are experts in nonimmigrant visas. We handle all types of U.S. immigration cases.","og_url":"https:\/\/salehlaw.com\/es\/nonimmigrant-visas\/","og_site_name":"Saleh &amp; Associates","article_publisher":"https:\/\/www.facebook.com\/MiamiImmigrationLawyers","article_modified_time":"2020-03-05T15:58:36+00:00","twitter_misc":{"Tiempo de lectura":"3 minutos"},"schema":{"@context":"https:\/\/schema.org","@graph":[{"@type":"WebPage","@id":"https:\/\/salehlaw.com\/nonimmigrant-visas\/","url":"https:\/\/salehlaw.com\/nonimmigrant-visas\/","name":"Miami Nonimmigrant Visas Attorney | Saleh &amp; Associates | Immigration","isPartOf":{"@id":"https:\/\/salehlaw.com\/#website"},"datePublished":"2015-10-19T12:10:09+00:00","dateModified":"2020-03-05T15:58:36+00:00","description":"The Miami immigration lawyers at Saleh & Associates are experts in nonimmigrant visas. We handle all types of U.S. immigration cases.","breadcrumb":{"@id":"https:\/\/salehlaw.com\/nonimmigrant-visas\/#breadcrumb"},"inLanguage":"es","potentialAction":[{"@type":"ReadAction","target":["https:\/\/salehlaw.com\/nonimmigrant-visas\/"]}]},{"@type":"BreadcrumbList","@id":"https:\/\/salehlaw.com\/nonimmigrant-visas\/#breadcrumb","itemListElement":[{"@type":"ListItem","position":1,"name":"Home","item":"https:\/\/salehlaw.com\/"},{"@type":"ListItem","position":2,"name":"Miami Nonimmigrant Visas Attorney"}]},{"@type":"WebSite","@id":"https:\/\/salehlaw.com\/#website","url":"https:\/\/salehlaw.com\/","name":"Saleh &amp; Asociados","description":"Immigration Law","publisher":{"@id":"https:\/\/salehlaw.com\/#organization"},"potentialAction":[{"@type":"SearchAction","target":{"@type":"EntryPoint","urlTemplate":"https:\/\/salehlaw.com\/?s={search_term_string}"},"query-input":{"@type":"PropertyValueSpecification","valueRequired":true,"valueName":"search_term_string"}}],"inLanguage":"es"},{"@type":"Organization","@id":"https:\/\/salehlaw.com\/#organization","name":"Saleh &amp; Asociados","url":"https:\/\/salehlaw.com\/","logo":{"@type":"ImageObject","inLanguage":"es","@id":"https:\/\/salehlaw.com\/#\/schema\/logo\/image\/","url":"https:\/\/salehlaw.com\/wp-content\/uploads\/2015\/01\/logo.png","contentUrl":"https:\/\/salehlaw.com\/wp-content\/uploads\/2015\/01\/logo.png","width":403,"height":195,"caption":"Saleh & Associates"},"image":{"@id":"https:\/\/salehlaw.com\/#\/schema\/logo\/image\/"},"sameAs":["https:\/\/www.facebook.com\/MiamiImmigrationLawyers","https:\/\/x.com\/ImmigrationMIA","https:\/\/www.linkedin.com\/company\/3298397","https:\/\/www.youtube.com\/channel\/UCOgz738dRxVQ_j_Yn68i55Q"]}]}},"_links":{"self":[{"href":"https:\/\/salehlaw.com\/es\/wp-json\/wp\/v2\/pages\/471","targetHints":{"allow":["GET"]}}],"collection":[{"href":"https:\/\/salehlaw.com\/es\/wp-json\/wp\/v2\/pages"}],"about":[{"href":"https:\/\/salehlaw.com\/es\/wp-json\/wp\/v2\/types\/page"}],"author":[{"embeddable":true,"href":"https:\/\/salehlaw.com\/es\/wp-json\/wp\/v2\/users\/6"}],"replies":[{"embeddable":true,"href":"https:\/\/salehlaw.com\/es\/wp-json\/wp\/v2\/comments?post=471"}],"version-history":[{"count":6,"href":"https:\/\/salehlaw.com\/es\/wp-json\/wp\/v2\/pages\/471\/revisions"}],"predecessor-version":[{"id":21625,"href":"https:\/\/salehlaw.com\/es\/wp-json\/wp\/v2\/pages\/471\/revisions\/21625"}],"wp:attachment":[{"href":"https:\/\/salehlaw.com\/es\/wp-json\/wp\/v2\/media?parent=471"}],"curies":[{"name":"wp","href":"https:\/\/api.w.org\/{rel}","templated":true}]}}