{"id":469,"date":"2015-10-19T08:09:39","date_gmt":"2015-10-19T12:09:39","guid":{"rendered":"http:\/\/mydevhost.us\/saleh\/?page_id=469"},"modified":"2020-03-05T10:59:07","modified_gmt":"2020-03-05T15:59:07","slug":"family-based-permanent-residence","status":"publish","type":"page","link":"https:\/\/salehlaw.com\/es\/family-based-permanent-residence\/","title":{"rendered":"Residencia permanente basada en la familia"},"content":{"rendered":"<div data-elementor-type=\"wp-page\" data-elementor-id=\"469\" class=\"elementor elementor-469\" data-elementor-post-type=\"page\">\n\t\t\t\t\t\t<section class=\"elementor-section elementor-top-section elementor-element elementor-element-77487e5 elementor-section-boxed elementor-section-height-default elementor-section-height-default\" data-id=\"77487e5\" data-element_type=\"section\">\n\t\t\t\t\t\t<div class=\"elementor-container elementor-column-gap-default\">\n\t\t\t\t\t<div class=\"elementor-column elementor-col-100 elementor-top-column elementor-element elementor-element-ec30f12\" data-id=\"ec30f12\" data-element_type=\"column\">\n\t\t\t<div class=\"elementor-widget-wrap elementor-element-populated\">\n\t\t\t\t\t\t<div class=\"elementor-element elementor-element-86a33e3 elementor-widget elementor-widget-heading\" data-id=\"86a33e3\" data-element_type=\"widget\" data-widget_type=\"heading.default\">\n\t\t\t\t<div class=\"elementor-widget-container\">\n\t\t\t\t\t<h2 class=\"elementor-heading-title elementor-size-default\">Residencia permanente basada en la familia<\/h2>\t\t\t\t<\/div>\n\t\t\t\t<\/div>\n\t\t\t\t\t<\/div>\n\t\t<\/div>\n\t\t\t\t\t<\/div>\n\t\t<\/section>\n\t\t\t\t<section class=\"elementor-section elementor-top-section elementor-element elementor-element-4463fe22 elementor-section-boxed elementor-section-height-default elementor-section-height-default\" data-id=\"4463fe22\" data-element_type=\"section\">\n\t\t\t\t\t\t<div class=\"elementor-container elementor-column-gap-default\">\n\t\t\t\t\t<div class=\"elementor-column elementor-col-100 elementor-top-column elementor-element elementor-element-18ebd632\" data-id=\"18ebd632\" data-element_type=\"column\">\n\t\t\t<div class=\"elementor-widget-wrap elementor-element-populated\">\n\t\t\t\t\t\t<div class=\"elementor-element elementor-element-4abb0602 elementor-widget elementor-widget-text-editor\" data-id=\"4abb0602\" data-element_type=\"widget\" data-widget_type=\"text-editor.default\">\n\t\t\t\t<div class=\"elementor-widget-container\">\n\t\t\t\t\t\t\t\t\t<p>Hay dos categor\u00edas b\u00e1sicas bajo las cuales se emiten visas de inmigrantes (residencia permanente) basadas en una relaci\u00f3n familiar.<\/p><p>1. Familiares inmediatos, que no est\u00e1n sujetos a l\u00edmite de cuota anual.<br \/>2. Categor\u00edas de preferencia, que est\u00e1n sujetas a l\u00edmite de cuota anual<\/p><h5><b>FAMILIARES INMEDIATOS<\/b><\/h5><ul><li>C\u00f3nyuge de ciudadanos de los Estados Unidos<\/li><li>Viuda (er) de ciudadanos estadounidenses<\/li><li>C\u00f3nyuge maltratado de ciudadanos de los EE. UU.: El extranjero debe establecer que el matrimonio o la intenci\u00f3n de casarse con el ciudadano de los EE. UU. Fue contra\u00eddo de buena fe por el extranjero, y durante el matrimonio o relaci\u00f3n que el extranjero tiene la intenci\u00f3n de ser legalmente un matrimonio, Un ni\u00f1o del extranjero ha sido maltratado o ha sido objeto de crueldad extrema perpetrada por el ciudadano estadounidense.<\/li><li>Hijo de ciudadanos estadounidenses: se define como una persona soltera menor de veinti\u00fan a\u00f1os que cumple cualquiera de los siguientes requisitos: -Un hijo nacido en matrimonio; -Hijastro, nacido o no fuera del matrimonio, que no ha llegado la edad de 18 a\u00f1os en el momento del matrimonio que cre\u00f3 el estatus de hijastra ocurri\u00f3;<\/li><\/ul><p style=\"padding-left: 60px;\">- Un ni\u00f1o nacido en matrimonio;<br \/>- Un hijastro, nacido o no nacido dentro del matrimonio, que no haya cumplido 18 a\u00f1os en el momento del matrimonio que cre\u00f3 el estado de hijastro;<strong> - <\/strong>Un ni\u00f1o legitimado antes de los 18 a\u00f1os; <strong>-<\/strong> Un ni\u00f1o nacido fuera del matrimonio. Si el beneficio de inmigraci\u00f3n es buscado por, a trav\u00e9s o en nombre del padre natural, se debe probar una relaci\u00f3n de buena fe entre padres e hijos con el padre. <strong>-<\/strong> Un ni\u00f1o adoptado antes de los 16 a\u00f1os, que ha estado bajo la custodia legal del padre adoptivo y que ha residido con \u00e9l durante al menos dos a\u00f1os. <strong>-<\/strong> Un ni\u00f1o menor de 16 a\u00f1os cuando se presenta la petici\u00f3n, que es hu\u00e9rfano y que ha sido o ser\u00e1 adoptado por un ciudadano de los Estados Unidos. Si el ni\u00f1o es un hermano natural del hu\u00e9rfano mencionado anteriormente, el hermano mayor puede emigrar si la petici\u00f3n se presenta en su nombre antes de los 18 a\u00f1os. <strong>-<\/strong> Un ni\u00f1o menor de 16 a\u00f1os cuando se present\u00f3 la petici\u00f3n, que ha sido adoptado en un estado extranjero que es parte en la Convenci\u00f3n sobre la Protecci\u00f3n de los Ni\u00f1os y la Cooperaci\u00f3n en materia de Adopci\u00f3n Internacional realizada en La Haya el 5\/29 \/ 93, o quien est\u00e1 emigrando de un estado extranjero para ser adoptado en los Estados Unidos.<\/p><ul><li>Hijo maltratado de un ciudadano estadounidense.<\/li><li>Padre de un ciudadano estadounidense: un ciudadano estadounidense de 21 a\u00f1os de edad o mayor puede presentar una petici\u00f3n en nombre de un padre para una clasificaci\u00f3n relativa inmediata.<\/li><\/ul><h5><b>BENEFICIARIOS DE PREFERENCIA<\/b><\/h5><ul><li>Primera preferencia (F-1): esta categor\u00eda incluye a los hijos o hijas solteros de ciudadanos estadounidenses (es decir, hijos o hijas mayores de 21 a\u00f1os).<\/li><li>Segunda Preferencia (F2A y F2B)<\/li><\/ul><p style=\"padding-left: 60px;\"><strong>- <\/strong>F-2A: esta subcategor\u00eda incluye a los c\u00f3nyuges e hijos de residentes permanentes legales. <strong>- <\/strong>F-2B: esta subcategor\u00eda incluye a los hijos e hijas solteros de residentes permanentes legales.<\/p><ul><li>Tercera preferencia (F-3): esta categor\u00eda incluye a los hijos e hijas casados de ciudadanos estadounidenses.<\/li><li>Cuarta preferencia (F-4): esta categor\u00eda incluye a los hermanos y medio hermanos de ciudadanos estadounidenses que tienen al menos 21 a\u00f1os de edad.<\/li><\/ul><p>La Ley de Inmigraci\u00f3n y Nacionalidad tambi\u00e9n brinda alivio a los c\u00f3nyuges e hijos maltratados de residentes permanentes legales.<\/p><p>Tambi\u00e9n es importante tener en cuenta que los c\u00f3nyuges e hijos de inmigrantes preferentes tienen derecho a un estado derivado. Las peticiones relativas inmediatas no permiten beneficiarios derivados, a excepci\u00f3n de las auto-peticiones presentadas por las viudas y los c\u00f3nyuges \/ hijos maltratados de ciudadanos estadounidenses. Adem\u00e1s, la determinaci\u00f3n de cu\u00e1ndo un extranjero puede calificar como &quot;ni\u00f1o&quot; en las categor\u00edas de parientes y preferencias inmediatas, as\u00ed como un beneficiario derivado, ha sido enmendada por la Ley de protecci\u00f3n del estado del ni\u00f1o.<\/p>\t\t\t\t\t\t\t\t<\/div>\n\t\t\t\t<\/div>\n\t\t\t\t\t<\/div>\n\t\t<\/div>\n\t\t\t\t\t<\/div>\n\t\t<\/section>\n\t\t\t\t<section class=\"elementor-section elementor-top-section elementor-element elementor-element-f31036c elementor-section-boxed elementor-section-height-default elementor-section-height-default\" data-id=\"f31036c\" data-element_type=\"section\">\n\t\t\t\t\t\t<div class=\"elementor-container elementor-column-gap-default\">\n\t\t\t\t\t<div class=\"elementor-column elementor-col-100 elementor-top-column elementor-element elementor-element-2dc7712\" data-id=\"2dc7712\" data-element_type=\"column\">\n\t\t\t<div class=\"elementor-widget-wrap elementor-element-populated\">\n\t\t\t\t\t\t<div class=\"elementor-element elementor-element-d833760 elementor-widget elementor-widget-heading\" data-id=\"d833760\" data-element_type=\"widget\" data-widget_type=\"heading.default\">\n\t\t\t\t<div class=\"elementor-widget-container\">\n\t\t\t\t\t<h2 class=\"elementor-heading-title elementor-size-default\">Our Other Services<\/h2>\t\t\t\t<\/div>\n\t\t\t\t<\/div>\n\t\t\t\t\t<\/div>\n\t\t<\/div>\n\t\t\t\t\t<\/div>\n\t\t<\/section>\n\t\t\t\t<section class=\"elementor-section elementor-top-section elementor-element elementor-element-93ed773 elementor-section-boxed elementor-section-height-default elementor-section-height-default\" data-id=\"93ed773\" data-element_type=\"section\">\n\t\t\t\t\t\t<div class=\"elementor-container elementor-column-gap-default\">\n\t\t\t\t\t<div class=\"elementor-column elementor-col-100 elementor-top-column elementor-element elementor-element-7a06341\" data-id=\"7a06341\" data-element_type=\"column\" data-settings=\"{&quot;motion_fx_motion_fx_scrolling&quot;:&quot;yes&quot;,&quot;motion_fx_translateY_effect&quot;:&quot;yes&quot;,&quot;motion_fx_translateY_speed&quot;:{&quot;unit&quot;:&quot;px&quot;,&quot;size&quot;:&quot;1&quot;,&quot;sizes&quot;:[]},&quot;motion_fx_translateY_affectedRange&quot;:{&quot;unit&quot;:&quot;%&quot;,&quot;size&quot;:&quot;&quot;,&quot;sizes&quot;:{&quot;start&quot;:&quot;0&quot;,&quot;end&quot;:&quot;50&quot;}},&quot;motion_fx_opacity_effect&quot;:&quot;yes&quot;,&quot;motion_fx_opacity_range&quot;:{&quot;unit&quot;:&quot;%&quot;,&quot;size&quot;:&quot;&quot;,&quot;sizes&quot;:{&quot;start&quot;:&quot;0&quot;,&quot;end&quot;:&quot;30&quot;}},&quot;motion_fx_devices&quot;:[&quot;desktop&quot;,&quot;tablet&quot;],&quot;motion_fx_opacity_direction&quot;:&quot;out-in&quot;,&quot;motion_fx_opacity_level&quot;:{&quot;unit&quot;:&quot;px&quot;,&quot;size&quot;:10,&quot;sizes&quot;:[]}}\">\n\t\t\t<div class=\"elementor-widget-wrap elementor-element-populated\">\n\t\t\t\t\t\t<section class=\"elementor-section elementor-inner-section elementor-element elementor-element-2e18b38 elementor-section-boxed elementor-section-height-default elementor-section-height-default\" data-id=\"2e18b38\" data-element_type=\"section\">\n\t\t\t\t\t\t<div class=\"elementor-container elementor-column-gap-default\">\n\t\t\t\t\t<div class=\"elementor-column elementor-col-50 elementor-inner-column elementor-element elementor-element-ae230ff\" data-id=\"ae230ff\" data-element_type=\"column\">\n\t\t\t<div class=\"elementor-widget-wrap elementor-element-populated\">\n\t\t\t\t\t\t<div class=\"elementor-element elementor-element-39d134b elementor-cta--skin-cover elementor-cta--valign-middle elementor-widget elementor-widget-global elementor-global-21594 elementor-widget-call-to-action\" data-id=\"39d134b\" data-element_type=\"widget\" data-widget_type=\"call-to-action.default\">\n\t\t\t\t<div class=\"elementor-widget-container\">\n\t\t\t\t\t\t\t<a class=\"elementor-cta\" href=\"https:\/\/salehlaw.com\/employment-based-permanent-residence\/\">\n\t\t\t\t\t<div class=\"elementor-cta__bg-wrapper\">\n\t\t\t\t<div class=\"elementor-cta__bg elementor-bg\" style=\"background-image: url();\" role=\"img\" aria-label=\"\"><\/div>\n\t\t\t\t<div class=\"elementor-cta__bg-overlay\"><\/div>\n\t\t\t<\/div>\n\t\t\t\t\t\t\t<div class=\"elementor-cta__content\">\n\t\t\t\t\n\t\t\t\t\t\t\t\t\t<h3 class=\"elementor-cta__title elementor-cta__content-item elementor-content-item\">\n\t\t\t\t\t\tPermanent residence\t\t\t\t\t<\/h3>\n\t\t\t\t\n\t\t\t\t\t\t\t\t\t<div class=\"elementor-cta__description elementor-cta__content-item elementor-content-item\">\n\t\t\t\t\t\tEmployment-Based\t\t\t\t\t<\/div>\n\t\t\t\t\n\t\t\t\t\t\t\t<\/div>\n\t\t\t\t\t\t<\/a>\n\t\t\t\t\t\t<\/div>\n\t\t\t\t<\/div>\n\t\t\t\t\t<\/div>\n\t\t<\/div>\n\t\t\t\t<div class=\"elementor-column elementor-col-50 elementor-inner-column elementor-element elementor-element-56c0dc1\" data-id=\"56c0dc1\" data-element_type=\"column\">\n\t\t\t<div class=\"elementor-widget-wrap elementor-element-populated\">\n\t\t\t\t\t\t<div class=\"elementor-element elementor-element-4d67582 elementor-cta--skin-cover elementor-cta--valign-middle elementor-widget elementor-widget-global elementor-global-21614 elementor-widget-call-to-action\" data-id=\"4d67582\" data-element_type=\"widget\" data-widget_type=\"call-to-action.default\">\n\t\t\t\t<div class=\"elementor-widget-container\">\n\t\t\t\t\t\t\t<a class=\"elementor-cta\" href=\"https:\/\/salehlaw.com\/nonimmigrant-visas\/\">\n\t\t\t\t\t<div class=\"elementor-cta__bg-wrapper\">\n\t\t\t\t<div class=\"elementor-cta__bg elementor-bg\" style=\"background-image: url();\" role=\"img\" aria-label=\"\"><\/div>\n\t\t\t\t<div class=\"elementor-cta__bg-overlay\"><\/div>\n\t\t\t<\/div>\n\t\t\t\t\t\t\t<div class=\"elementor-cta__content\">\n\t\t\t\t\n\t\t\t\t\t\t\t\t\t<h2 class=\"elementor-cta__title elementor-cta__content-item elementor-content-item\">\n\t\t\t\t\t\tVisas de No inmigrante\t\t\t\t\t<\/h2>\n\t\t\t\t\n\t\t\t\t\n\t\t\t\t\t\t\t\t\t<div class=\"elementor-cta__button-wrapper elementor-cta__content-item elementor-content-item\">\n\t\t\t\t\t<span class=\"elementor-cta__button elementor-button elementor-size-\">\n\t\t\t\t\t\tClick Here\t\t\t\t\t<\/span>\n\t\t\t\t\t<\/div>\n\t\t\t\t\t\t\t<\/div>\n\t\t\t\t\t\t<\/a>\n\t\t\t\t\t\t<\/div>\n\t\t\t\t<\/div>\n\t\t\t\t\t<\/div>\n\t\t<\/div>\n\t\t\t\t\t<\/div>\n\t\t<\/section>\n\t\t\t\t<section class=\"elementor-section elementor-inner-section elementor-element elementor-element-8a1a64a elementor-section-boxed elementor-section-height-default elementor-section-height-default\" data-id=\"8a1a64a\" data-element_type=\"section\">\n\t\t\t\t\t\t<div class=\"elementor-container elementor-column-gap-default\">\n\t\t\t\t\t<div class=\"elementor-column elementor-col-50 elementor-inner-column elementor-element elementor-element-6d05b2d\" data-id=\"6d05b2d\" data-element_type=\"column\">\n\t\t\t<div class=\"elementor-widget-wrap elementor-element-populated\">\n\t\t\t\t\t\t<div class=\"elementor-element elementor-element-50f0e7e elementor-cta--skin-cover elementor-cta--valign-middle elementor-widget elementor-widget-global elementor-global-21600 elementor-widget-call-to-action\" data-id=\"50f0e7e\" data-element_type=\"widget\" data-widget_type=\"call-to-action.default\">\n\t\t\t\t<div class=\"elementor-widget-container\">\n\t\t\t\t\t\t\t<a class=\"elementor-cta\" href=\"https:\/\/salehlaw.com\/removaldeportation-defense-and-federal-litigation\/\">\n\t\t\t\t\t<div class=\"elementor-cta__bg-wrapper\">\n\t\t\t\t<div class=\"elementor-cta__bg elementor-bg\" style=\"background-image: url();\" role=\"img\" aria-label=\"\"><\/div>\n\t\t\t\t<div class=\"elementor-cta__bg-overlay\"><\/div>\n\t\t\t<\/div>\n\t\t\t\t\t\t\t<div class=\"elementor-cta__content\">\n\t\t\t\t\n\t\t\t\t\t\t\t\t\t<h3 class=\"elementor-cta__title elementor-cta__content-item elementor-content-item\">\n\t\t\t\t\t\tRemoval\/ Deportation Defense &amp; Federal Litigation\t\t\t\t\t<\/h3>\n\t\t\t\t\n\t\t\t\t\n\t\t\t\t\t\t\t<\/div>\n\t\t\t\t\t\t<\/a>\n\t\t\t\t\t\t<\/div>\n\t\t\t\t<\/div>\n\t\t\t\t\t<\/div>\n\t\t<\/div>\n\t\t\t\t<div class=\"elementor-column elementor-col-50 elementor-inner-column elementor-element elementor-element-68187a1\" data-id=\"68187a1\" data-element_type=\"column\">\n\t\t\t<div class=\"elementor-widget-wrap elementor-element-populated\">\n\t\t\t\t\t\t<div class=\"elementor-element elementor-element-e2c231a elementor-cta--skin-cover elementor-cta--valign-middle elementor-widget elementor-widget-global elementor-global-21603 elementor-widget-call-to-action\" data-id=\"e2c231a\" data-element_type=\"widget\" data-widget_type=\"call-to-action.default\">\n\t\t\t\t<div class=\"elementor-widget-container\">\n\t\t\t\t\t\t\t<a class=\"elementor-cta\" href=\"https:\/\/salehlaw.com\/representation-before-uscis-ice-usdos\/\">\n\t\t\t\t\t<div class=\"elementor-cta__bg-wrapper\">\n\t\t\t\t<div class=\"elementor-cta__bg elementor-bg\" style=\"background-image: url();\" role=\"img\" aria-label=\"\"><\/div>\n\t\t\t\t<div class=\"elementor-cta__bg-overlay\"><\/div>\n\t\t\t<\/div>\n\t\t\t\t\t\t\t<div class=\"elementor-cta__content\">\n\t\t\t\t\n\t\t\t\t\t\t\t\t\t<h3 class=\"elementor-cta__title elementor-cta__content-item elementor-content-item\">\n\t\t\t\t\t\tRepresentaci\u00f3n ante USCIS, ICE, y USDOS\t\t\t\t\t<\/h3>\n\t\t\t\t\n\t\t\t\t\n\t\t\t\t\t\t\t<\/div>\n\t\t\t\t\t\t<\/a>\n\t\t\t\t\t\t<\/div>\n\t\t\t\t<\/div>\n\t\t\t\t\t<\/div>\n\t\t<\/div>\n\t\t\t\t\t<\/div>\n\t\t<\/section>\n\t\t\t\t\t<\/div>\n\t\t<\/div>\n\t\t\t\t\t<\/div>\n\t\t<\/section>\n\t\t\t\t<\/div>","protected":false},"excerpt":{"rendered":"<p>Family-Based Permanent Residence There are two basic categories under which immigrant visas (permanent residence) based on a family relationship are issued. 1. Immediate Relatives, which are not subject to annual quota limit.2. Preference categories, which are subject to annual quota limit IMMEDIATE RELATIVES Spouse of U.S. Citizens Widow(er) of U.S. Citizens Battered Spouse of US [&hellip;]<\/p>","protected":false},"author":6,"featured_media":0,"parent":0,"menu_order":0,"comment_status":"closed","ping_status":"closed","template":"elementor_header_footer","meta":{"footnotes":""},"class_list":["post-469","page","type-page","status-publish","hentry"],"yoast_head":"<!-- This site is optimized with the Yoast SEO plugin v26.8 - https:\/\/yoast.com\/product\/yoast-seo-wordpress\/ -->\n<title>Family-Based Permanent Residence - Saleh &amp; Associates Immigration Law<\/title>\n<meta name=\"description\" content=\"The Miami immigration lawyers at Saleh &amp; Associates are experts attorneys in family-based permanent residence (\u201cgreen card\u201d) cases.\" \/>\n<meta name=\"robots\" content=\"index, follow, max-snippet:-1, max-image-preview:large, max-video-preview:-1\" \/>\n<link rel=\"canonical\" href=\"https:\/\/salehlaw.com\/es\/family-based-permanent-residence\/\" \/>\n<meta property=\"og:locale\" content=\"es_ES\" \/>\n<meta property=\"og:type\" content=\"article\" \/>\n<meta property=\"og:title\" content=\"Family-Based Permanent Residence - Saleh &amp; Associates Immigration Law\" \/>\n<meta property=\"og:description\" content=\"The Miami immigration lawyers at Saleh &amp; Associates are experts attorneys in family-based permanent residence (\u201cgreen card\u201d) cases.\" \/>\n<meta property=\"og:url\" content=\"https:\/\/salehlaw.com\/es\/family-based-permanent-residence\/\" \/>\n<meta property=\"og:site_name\" content=\"Saleh &amp; Associates\" \/>\n<meta property=\"article:publisher\" content=\"https:\/\/www.facebook.com\/MiamiImmigrationLawyers\" \/>\n<meta property=\"article:modified_time\" content=\"2020-03-05T15:59:07+00:00\" \/>\n<meta name=\"twitter:label1\" content=\"Tiempo de lectura\" \/>\n\t<meta name=\"twitter:data1\" content=\"3 minutos\" \/>\n<script type=\"application\/ld+json\" class=\"yoast-schema-graph\">{\"@context\":\"https:\/\/schema.org\",\"@graph\":[{\"@type\":\"WebPage\",\"@id\":\"https:\/\/salehlaw.com\/family-based-permanent-residence\/\",\"url\":\"https:\/\/salehlaw.com\/family-based-permanent-residence\/\",\"name\":\"Family-Based Permanent Residence - Saleh &amp; Associates Immigration Law\",\"isPartOf\":{\"@id\":\"https:\/\/salehlaw.com\/#website\"},\"datePublished\":\"2015-10-19T12:09:39+00:00\",\"dateModified\":\"2020-03-05T15:59:07+00:00\",\"description\":\"The Miami immigration lawyers at Saleh & Associates are experts attorneys in family-based permanent residence (\u201cgreen card\u201d) cases.\",\"breadcrumb\":{\"@id\":\"https:\/\/salehlaw.com\/family-based-permanent-residence\/#breadcrumb\"},\"inLanguage\":\"es\",\"potentialAction\":[{\"@type\":\"ReadAction\",\"target\":[\"https:\/\/salehlaw.com\/family-based-permanent-residence\/\"]}]},{\"@type\":\"BreadcrumbList\",\"@id\":\"https:\/\/salehlaw.com\/family-based-permanent-residence\/#breadcrumb\",\"itemListElement\":[{\"@type\":\"ListItem\",\"position\":1,\"name\":\"Home\",\"item\":\"https:\/\/salehlaw.com\/\"},{\"@type\":\"ListItem\",\"position\":2,\"name\":\"Family-Based Permanent Residence\"}]},{\"@type\":\"WebSite\",\"@id\":\"https:\/\/salehlaw.com\/#website\",\"url\":\"https:\/\/salehlaw.com\/\",\"name\":\"Saleh &amp; Associates\",\"description\":\"Immigration Law\",\"publisher\":{\"@id\":\"https:\/\/salehlaw.com\/#organization\"},\"potentialAction\":[{\"@type\":\"SearchAction\",\"target\":{\"@type\":\"EntryPoint\",\"urlTemplate\":\"https:\/\/salehlaw.com\/?s={search_term_string}\"},\"query-input\":{\"@type\":\"PropertyValueSpecification\",\"valueRequired\":true,\"valueName\":\"search_term_string\"}}],\"inLanguage\":\"es\"},{\"@type\":\"Organization\",\"@id\":\"https:\/\/salehlaw.com\/#organization\",\"name\":\"Saleh & Associates\",\"url\":\"https:\/\/salehlaw.com\/\",\"logo\":{\"@type\":\"ImageObject\",\"inLanguage\":\"es\",\"@id\":\"https:\/\/salehlaw.com\/#\/schema\/logo\/image\/\",\"url\":\"https:\/\/salehlaw.com\/wp-content\/uploads\/2015\/01\/logo.png\",\"contentUrl\":\"https:\/\/salehlaw.com\/wp-content\/uploads\/2015\/01\/logo.png\",\"width\":403,\"height\":195,\"caption\":\"Saleh & Associates\"},\"image\":{\"@id\":\"https:\/\/salehlaw.com\/#\/schema\/logo\/image\/\"},\"sameAs\":[\"https:\/\/www.facebook.com\/MiamiImmigrationLawyers\",\"https:\/\/x.com\/ImmigrationMIA\",\"https:\/\/www.linkedin.com\/company\/3298397\",\"https:\/\/www.youtube.com\/channel\/UCOgz738dRxVQ_j_Yn68i55Q\"]}]}<\/script>\n<!-- \/ Yoast SEO plugin. -->","yoast_head_json":{"title":"Family-Based Permanent Residence - Saleh &amp; Associates Immigration Law","description":"The Miami immigration lawyers at Saleh & Associates are experts attorneys in family-based permanent residence (\u201cgreen card\u201d) cases.","robots":{"index":"index","follow":"follow","max-snippet":"max-snippet:-1","max-image-preview":"max-image-preview:large","max-video-preview":"max-video-preview:-1"},"canonical":"https:\/\/salehlaw.com\/es\/family-based-permanent-residence\/","og_locale":"es_ES","og_type":"article","og_title":"Family-Based Permanent Residence - Saleh &amp; Associates Immigration Law","og_description":"The Miami immigration lawyers at Saleh & Associates are experts attorneys in family-based permanent residence (\u201cgreen card\u201d) cases.","og_url":"https:\/\/salehlaw.com\/es\/family-based-permanent-residence\/","og_site_name":"Saleh &amp; Associates","article_publisher":"https:\/\/www.facebook.com\/MiamiImmigrationLawyers","article_modified_time":"2020-03-05T15:59:07+00:00","twitter_misc":{"Tiempo de lectura":"3 minutos"},"schema":{"@context":"https:\/\/schema.org","@graph":[{"@type":"WebPage","@id":"https:\/\/salehlaw.com\/family-based-permanent-residence\/","url":"https:\/\/salehlaw.com\/family-based-permanent-residence\/","name":"Family-Based Permanent Residence - Saleh &amp; Associates Immigration Law","isPartOf":{"@id":"https:\/\/salehlaw.com\/#website"},"datePublished":"2015-10-19T12:09:39+00:00","dateModified":"2020-03-05T15:59:07+00:00","description":"The Miami immigration lawyers at Saleh & Associates are experts attorneys in family-based permanent residence (\u201cgreen card\u201d) cases.","breadcrumb":{"@id":"https:\/\/salehlaw.com\/family-based-permanent-residence\/#breadcrumb"},"inLanguage":"es","potentialAction":[{"@type":"ReadAction","target":["https:\/\/salehlaw.com\/family-based-permanent-residence\/"]}]},{"@type":"BreadcrumbList","@id":"https:\/\/salehlaw.com\/family-based-permanent-residence\/#breadcrumb","itemListElement":[{"@type":"ListItem","position":1,"name":"Home","item":"https:\/\/salehlaw.com\/"},{"@type":"ListItem","position":2,"name":"Family-Based Permanent Residence"}]},{"@type":"WebSite","@id":"https:\/\/salehlaw.com\/#website","url":"https:\/\/salehlaw.com\/","name":"Saleh &amp; Asociados","description":"Immigration Law","publisher":{"@id":"https:\/\/salehlaw.com\/#organization"},"potentialAction":[{"@type":"SearchAction","target":{"@type":"EntryPoint","urlTemplate":"https:\/\/salehlaw.com\/?s={search_term_string}"},"query-input":{"@type":"PropertyValueSpecification","valueRequired":true,"valueName":"search_term_string"}}],"inLanguage":"es"},{"@type":"Organization","@id":"https:\/\/salehlaw.com\/#organization","name":"Saleh &amp; Asociados","url":"https:\/\/salehlaw.com\/","logo":{"@type":"ImageObject","inLanguage":"es","@id":"https:\/\/salehlaw.com\/#\/schema\/logo\/image\/","url":"https:\/\/salehlaw.com\/wp-content\/uploads\/2015\/01\/logo.png","contentUrl":"https:\/\/salehlaw.com\/wp-content\/uploads\/2015\/01\/logo.png","width":403,"height":195,"caption":"Saleh & Associates"},"image":{"@id":"https:\/\/salehlaw.com\/#\/schema\/logo\/image\/"},"sameAs":["https:\/\/www.facebook.com\/MiamiImmigrationLawyers","https:\/\/x.com\/ImmigrationMIA","https:\/\/www.linkedin.com\/company\/3298397","https:\/\/www.youtube.com\/channel\/UCOgz738dRxVQ_j_Yn68i55Q"]}]}},"_links":{"self":[{"href":"https:\/\/salehlaw.com\/es\/wp-json\/wp\/v2\/pages\/469","targetHints":{"allow":["GET"]}}],"collection":[{"href":"https:\/\/salehlaw.com\/es\/wp-json\/wp\/v2\/pages"}],"about":[{"href":"https:\/\/salehlaw.com\/es\/wp-json\/wp\/v2\/types\/page"}],"author":[{"embeddable":true,"href":"https:\/\/salehlaw.com\/es\/wp-json\/wp\/v2\/users\/6"}],"replies":[{"embeddable":true,"href":"https:\/\/salehlaw.com\/es\/wp-json\/wp\/v2\/comments?post=469"}],"version-history":[{"count":8,"href":"https:\/\/salehlaw.com\/es\/wp-json\/wp\/v2\/pages\/469\/revisions"}],"predecessor-version":[{"id":21624,"href":"https:\/\/salehlaw.com\/es\/wp-json\/wp\/v2\/pages\/469\/revisions\/21624"}],"wp:attachment":[{"href":"https:\/\/salehlaw.com\/es\/wp-json\/wp\/v2\/media?parent=469"}],"curies":[{"name":"wp","href":"https:\/\/api.w.org\/{rel}","templated":true}]}}