{"id":30,"date":"2014-05-12T15:47:42","date_gmt":"2014-05-12T19:47:42","guid":{"rendered":"http:\/\/mydevhost.us\/onem\/?page_id=30"},"modified":"2020-03-05T11:03:00","modified_gmt":"2020-03-05T16:03:00","slug":"privacy-policy","status":"publish","type":"page","link":"https:\/\/salehlaw.com\/es\/privacy-policy\/","title":{"rendered":"Pol\u00edtica de privacidad"},"content":{"rendered":"<div data-elementor-type=\"wp-page\" data-elementor-id=\"30\" class=\"elementor elementor-30\" data-elementor-post-type=\"page\">\n\t\t\t\t\t\t<section class=\"elementor-section elementor-top-section elementor-element elementor-element-328150a4 elementor-section-boxed elementor-section-height-default elementor-section-height-default\" data-id=\"328150a4\" data-element_type=\"section\" data-e-type=\"section\">\n\t\t\t\t\t\t<div class=\"elementor-container elementor-column-gap-default\">\n\t\t\t\t\t<div class=\"elementor-column elementor-col-100 elementor-top-column elementor-element elementor-element-174fd6eb\" data-id=\"174fd6eb\" data-element_type=\"column\" data-e-type=\"column\">\n\t\t\t<div class=\"elementor-widget-wrap elementor-element-populated\">\n\t\t\t\t\t\t<div class=\"elementor-element elementor-element-345a723 elementor-widget elementor-widget-heading\" data-id=\"345a723\" data-element_type=\"widget\" data-e-type=\"widget\" data-widget_type=\"heading.default\">\n\t\t\t\t<div class=\"elementor-widget-container\">\n\t\t\t\t\t<h2 class=\"elementor-heading-title elementor-size-default\">Pol\u00edtica de privacidad<\/h2>\t\t\t\t<\/div>\n\t\t\t\t<\/div>\n\t\t\t\t<div class=\"elementor-element elementor-element-26a6c2d8 elementor-widget elementor-widget-text-editor\" data-id=\"26a6c2d8\" data-element_type=\"widget\" data-e-type=\"widget\" data-widget_type=\"text-editor.default\">\n\t\t\t\t<div class=\"elementor-widget-container\">\n\t\t\t\t\t\t\t\t\t<p class=\"entry-title\">Reconocemos que su privacidad es importante. Este documento describe los tipos de informaci\u00f3n personal que recibimos y recopilamos cuando utiliza www.SalehLaw.com, as\u00ed como algunos de los pasos que tomamos para proteger la informaci\u00f3n. Esperamos que esto le ayude a tomar una decisi\u00f3n informada acerca de compartir informaci\u00f3n personal con nosotros.<\/p>\n\n<div class=\"entry-content\">\n\nwww.SalehLaw.com se esfuerza por mantener los m\u00e1s altos est\u00e1ndares de decencia, imparcialidad e integridad en todas nuestras operaciones. Del mismo modo, estamos dedicados a proteger la privacidad de nuestros clientes, consumidores y visitantes en l\u00ednea en nuestro sitio web.\n<h6>Informacion personal<\/h6>\nwww.SalehLaw.com collects personally identifiable information from the visitors to our website only on a voluntary basis. Personal information collected on a voluntary basis may include name, postal address, email address, company name and telephone number.\n\nThis information is collected if you request information from us, participate in a contest or sweepstakes, and sign-up to join our email list or request some other service or information from us. The information collected is internally reviewed, used to improve the content of our website, notify our visitors of updates, and respond to visitor inquiries.\n\nOnce information is reviewed, it is discarded or stored in our files. If we make material changes in the collection of personally identifiable information, we will inform you by placing a notice on our site. Personal information received from any visitor will be used only for internal purposes and will not be sold or provided to third parties.\n<h6>Uso de cookies y balizas web<\/h6>\nWe may use cookies to help you personalize your online experience. Cookies are identifiers that are transferred to your computer\u2019s hard drive through your Web browser to enable our systems to recognize your browser. The purpose of a cookie is to tell the Web server that you have returned to a specific page. For example, if you personalize the sites pages, or register with any of our site\u2019s services, a cookie enables www.SalehLaw.com to recall your specific information on subsequent visits. You have the ability to accept or decline cookies by modifying your Web browser; however, if you choose to decline cookies, you may not be able to fully experience the interactive features of the site.\n\nA web beacon is a transparent image file used to monitor your journey around a single website or collection of sites. They are also referred to as web bugs and are commonly used by sites that hire third-party services to monitor traffic. They may be used in association with cookies to understand how visitors interact with the pages and content on the pages of a web site.\n\nWe may serve third party advertisements that use cookies and web beacons in the course of ads being served on our web site to ascertain how many times you\u2019ve seen an advertisement. No personally identifiable information you give us is provided to them for cookie or web beacon use, so they cannot personally identify you with that information on our web site.\n\nBrowsers can be set to accept or reject cookies or notify you when a cookie is being sent. Privacy software can be used to override web beacons. Taking either of these actions shouldn\u2019t cause a problem with our site, should you so choose.\n<h6>Ley de protecci\u00f3n de la privacidad de los ni\u00f1os en l\u00ednea<\/h6>\nEste sitio web est\u00e1 dirigido a adultos; no est\u00e1 dirigido a ni\u00f1os menores de 13 a\u00f1os. Operamos nuestro sitio de conformidad con la Ley de protecci\u00f3n de la privacidad en l\u00ednea de los ni\u00f1os, y no recopilaremos ni utilizaremos a sabiendas informaci\u00f3n personal de ninguna persona menor de 13 a\u00f1os.\n<h6>Informaci\u00f3n no personal<\/h6>\nEn algunos casos, podemos recopilar informaci\u00f3n sobre usted que no sea personalmente identificable. Utilizamos esta informaci\u00f3n, que no identifica usuarios individuales, para analizar tendencias, administrar el sitio, rastrear los movimientos de los usuarios en el sitio y recopilar informaci\u00f3n demogr\u00e1fica sobre nuestra base de usuarios en general. La informaci\u00f3n recopilada se utiliza \u00fanicamente para revisi\u00f3n interna y no se comparte con otras organizaciones con fines comerciales.\n<h6>Liberaci\u00f3n de informaci\u00f3n<\/h6>\nSi se vende www.SalehLaw.com, la informaci\u00f3n que hemos obtenido de usted a trav\u00e9s de su participaci\u00f3n voluntaria en nuestro sitio puede transferirse al nuevo propietario como parte de la venta para que el servicio que se le brinda pueda continuar. En ese caso, recibir\u00e1 un aviso a trav\u00e9s de nuestro sitio web de ese cambio en el control y las pr\u00e1cticas, y haremos todos los esfuerzos razonables para garantizar que el comprador respete cualquier solicitud de exclusi\u00f3n que pueda hacer de nosotros.\n<h6>C\u00f3mo puede corregir o eliminar informaci\u00f3n<\/h6>\nLe proporcionamos esta pol\u00edtica de privacidad como una declaraci\u00f3n de nuestro compromiso de proteger su informaci\u00f3n personal. Si ha enviado informaci\u00f3n personal a trav\u00e9s de nuestro sitio web y desea que esa informaci\u00f3n se elimine de nuestros registros o desea actualizar o corregir esa informaci\u00f3n, utilice nuestra <a href=\"http:\/\/salehlaw.com\/contact\/\">Cont\u00e1ctenos<\/a>&nbsp;p\u00e1gina.\n<h6>Actualizaciones y Fecha Efectiva<\/h6>\nwww.SalehLaw.com se reserva el derecho de realizar cambios en esta pol\u00edtica. Si hay un cambio sustancial en nuestras pr\u00e1cticas de privacidad, indicaremos en nuestro sitio que nuestras pr\u00e1cticas de privacidad han cambiado y proporcionaremos un enlace a la nueva pol\u00edtica de privacidad. Lo alentamos a que revise peri\u00f3dicamente esta pol\u00edtica para que sepa qu\u00e9 informaci\u00f3n recopilamos y c\u00f3mo la usamos.\n<h6>De acuerdo con los t\u00e9rminos<\/h6>\nIf you do not agree to Saleh&nbsp;Law\u2019s Privacy Policy as posted here on this website, please do not use this site or any services offered by this site.\n\nYour use of this site indicates acceptance of this privacy policy.\n\n<\/div>\t\t\t\t\t\t\t\t<\/div>\n\t\t\t\t<\/div>\n\t\t\t\t\t<\/div>\n\t\t<\/div>\n\t\t\t\t\t<\/div>\n\t\t<\/section>\n\t\t\t\t<\/div>","protected":false},"excerpt":{"rendered":"<p>Privacy Policy We recognize that your privacy is important. This document outlines the types of personal information we receive and collect when you use www.SalehLaw.com, as well as some of the steps we take to safeguard information. We hope this will help you make an informed decision about sharing personal information with us. www.SalehLaw.com strives [&hellip;]<\/p>\n","protected":false},"author":6,"featured_media":0,"parent":0,"menu_order":0,"comment_status":"open","ping_status":"closed","template":"elementor_header_footer","meta":{"footnotes":""},"class_list":["post-30","page","type-page","status-publish","hentry"],"yoast_head":"<!-- This site is optimized with the Yoast SEO plugin v27.4 - https:\/\/yoast.com\/product\/yoast-seo-wordpress\/ -->\n<title>Privacy Policy - Saleh &amp; Associates<\/title>\n<meta name=\"description\" content=\"Privacy Policy We recognize that your privacy is important. This document outlines the types of personal information we receive and collect when you use\" \/>\n<meta name=\"robots\" content=\"index, follow, max-snippet:-1, max-image-preview:large, max-video-preview:-1\" \/>\n<link rel=\"canonical\" href=\"https:\/\/salehlaw.com\/es\/privacy-policy\/\" \/>\n<meta property=\"og:locale\" content=\"es_ES\" \/>\n<meta property=\"og:type\" content=\"article\" \/>\n<meta property=\"og:title\" content=\"Privacy Policy - Saleh &amp; Associates\" \/>\n<meta property=\"og:description\" content=\"Privacy Policy We recognize that your privacy is important. This document outlines the types of personal information we receive and collect when you use\" \/>\n<meta property=\"og:url\" content=\"https:\/\/salehlaw.com\/es\/privacy-policy\/\" \/>\n<meta property=\"og:site_name\" content=\"Saleh &amp; Associates\" \/>\n<meta property=\"article:publisher\" content=\"https:\/\/www.facebook.com\/MiamiImmigrationLawyers\" \/>\n<meta property=\"article:modified_time\" content=\"2020-03-05T16:03:00+00:00\" \/>\n<meta name=\"twitter:label1\" content=\"Tiempo de lectura\" \/>\n\t<meta name=\"twitter:data1\" content=\"5 minutos\" \/>\n<script type=\"application\/ld+json\" class=\"yoast-schema-graph\">{\"@context\":\"https:\\\/\\\/schema.org\",\"@graph\":[{\"@type\":\"WebPage\",\"@id\":\"https:\\\/\\\/salehlaw.com\\\/privacy-policy\\\/\",\"url\":\"https:\\\/\\\/salehlaw.com\\\/privacy-policy\\\/\",\"name\":\"Privacy Policy - Saleh &amp; Associates\",\"isPartOf\":{\"@id\":\"https:\\\/\\\/salehlaw.com\\\/#website\"},\"datePublished\":\"2014-05-12T19:47:42+00:00\",\"dateModified\":\"2020-03-05T16:03:00+00:00\",\"description\":\"Privacy Policy We recognize that your privacy is important. This document outlines the types of personal information we receive and collect when you use\",\"breadcrumb\":{\"@id\":\"https:\\\/\\\/salehlaw.com\\\/privacy-policy\\\/#breadcrumb\"},\"inLanguage\":\"es\",\"potentialAction\":[{\"@type\":\"ReadAction\",\"target\":[\"https:\\\/\\\/salehlaw.com\\\/privacy-policy\\\/\"]}]},{\"@type\":\"BreadcrumbList\",\"@id\":\"https:\\\/\\\/salehlaw.com\\\/privacy-policy\\\/#breadcrumb\",\"itemListElement\":[{\"@type\":\"ListItem\",\"position\":1,\"name\":\"Home\",\"item\":\"https:\\\/\\\/salehlaw.com\\\/\"},{\"@type\":\"ListItem\",\"position\":2,\"name\":\"Privacy Policy\"}]},{\"@type\":\"WebSite\",\"@id\":\"https:\\\/\\\/salehlaw.com\\\/#website\",\"url\":\"https:\\\/\\\/salehlaw.com\\\/\",\"name\":\"Saleh &amp; Associates\",\"description\":\"Immigration Law\",\"publisher\":{\"@id\":\"https:\\\/\\\/salehlaw.com\\\/#organization\"},\"potentialAction\":[{\"@type\":\"SearchAction\",\"target\":{\"@type\":\"EntryPoint\",\"urlTemplate\":\"https:\\\/\\\/salehlaw.com\\\/?s={search_term_string}\"},\"query-input\":{\"@type\":\"PropertyValueSpecification\",\"valueRequired\":true,\"valueName\":\"search_term_string\"}}],\"inLanguage\":\"es\"},{\"@type\":\"Organization\",\"@id\":\"https:\\\/\\\/salehlaw.com\\\/#organization\",\"name\":\"Saleh & Associates\",\"url\":\"https:\\\/\\\/salehlaw.com\\\/\",\"logo\":{\"@type\":\"ImageObject\",\"inLanguage\":\"es\",\"@id\":\"https:\\\/\\\/salehlaw.com\\\/#\\\/schema\\\/logo\\\/image\\\/\",\"url\":\"https:\\\/\\\/salehlaw.com\\\/wp-content\\\/uploads\\\/2015\\\/01\\\/logo.png\",\"contentUrl\":\"https:\\\/\\\/salehlaw.com\\\/wp-content\\\/uploads\\\/2015\\\/01\\\/logo.png\",\"width\":403,\"height\":195,\"caption\":\"Saleh & Associates\"},\"image\":{\"@id\":\"https:\\\/\\\/salehlaw.com\\\/#\\\/schema\\\/logo\\\/image\\\/\"},\"sameAs\":[\"https:\\\/\\\/www.facebook.com\\\/MiamiImmigrationLawyers\",\"https:\\\/\\\/x.com\\\/ImmigrationMIA\",\"https:\\\/\\\/www.linkedin.com\\\/company\\\/3298397\",\"https:\\\/\\\/www.youtube.com\\\/channel\\\/UCOgz738dRxVQ_j_Yn68i55Q\"]}]}<\/script>\n<!-- \/ Yoast SEO plugin. -->","yoast_head_json":{"title":"Privacy Policy - Saleh &amp; Associates","description":"Privacy Policy We recognize that your privacy is important. This document outlines the types of personal information we receive and collect when you use","robots":{"index":"index","follow":"follow","max-snippet":"max-snippet:-1","max-image-preview":"max-image-preview:large","max-video-preview":"max-video-preview:-1"},"canonical":"https:\/\/salehlaw.com\/es\/privacy-policy\/","og_locale":"es_ES","og_type":"article","og_title":"Privacy Policy - Saleh &amp; Associates","og_description":"Privacy Policy We recognize that your privacy is important. This document outlines the types of personal information we receive and collect when you use","og_url":"https:\/\/salehlaw.com\/es\/privacy-policy\/","og_site_name":"Saleh &amp; Associates","article_publisher":"https:\/\/www.facebook.com\/MiamiImmigrationLawyers","article_modified_time":"2020-03-05T16:03:00+00:00","twitter_misc":{"Tiempo de lectura":"5 minutos"},"schema":{"@context":"https:\/\/schema.org","@graph":[{"@type":"WebPage","@id":"https:\/\/salehlaw.com\/privacy-policy\/","url":"https:\/\/salehlaw.com\/privacy-policy\/","name":"Privacy Policy - Saleh &amp; Associates","isPartOf":{"@id":"https:\/\/salehlaw.com\/#website"},"datePublished":"2014-05-12T19:47:42+00:00","dateModified":"2020-03-05T16:03:00+00:00","description":"Privacy Policy We recognize that your privacy is important. This document outlines the types of personal information we receive and collect when you use","breadcrumb":{"@id":"https:\/\/salehlaw.com\/privacy-policy\/#breadcrumb"},"inLanguage":"es","potentialAction":[{"@type":"ReadAction","target":["https:\/\/salehlaw.com\/privacy-policy\/"]}]},{"@type":"BreadcrumbList","@id":"https:\/\/salehlaw.com\/privacy-policy\/#breadcrumb","itemListElement":[{"@type":"ListItem","position":1,"name":"Home","item":"https:\/\/salehlaw.com\/"},{"@type":"ListItem","position":2,"name":"Privacy Policy"}]},{"@type":"WebSite","@id":"https:\/\/salehlaw.com\/#website","url":"https:\/\/salehlaw.com\/","name":"Saleh &amp; Asociados","description":"Immigration Law","publisher":{"@id":"https:\/\/salehlaw.com\/#organization"},"potentialAction":[{"@type":"SearchAction","target":{"@type":"EntryPoint","urlTemplate":"https:\/\/salehlaw.com\/?s={search_term_string}"},"query-input":{"@type":"PropertyValueSpecification","valueRequired":true,"valueName":"search_term_string"}}],"inLanguage":"es"},{"@type":"Organization","@id":"https:\/\/salehlaw.com\/#organization","name":"Saleh &amp; Asociados","url":"https:\/\/salehlaw.com\/","logo":{"@type":"ImageObject","inLanguage":"es","@id":"https:\/\/salehlaw.com\/#\/schema\/logo\/image\/","url":"https:\/\/salehlaw.com\/wp-content\/uploads\/2015\/01\/logo.png","contentUrl":"https:\/\/salehlaw.com\/wp-content\/uploads\/2015\/01\/logo.png","width":403,"height":195,"caption":"Saleh & Associates"},"image":{"@id":"https:\/\/salehlaw.com\/#\/schema\/logo\/image\/"},"sameAs":["https:\/\/www.facebook.com\/MiamiImmigrationLawyers","https:\/\/x.com\/ImmigrationMIA","https:\/\/www.linkedin.com\/company\/3298397","https:\/\/www.youtube.com\/channel\/UCOgz738dRxVQ_j_Yn68i55Q"]}]}},"_links":{"self":[{"href":"https:\/\/salehlaw.com\/es\/wp-json\/wp\/v2\/pages\/30","targetHints":{"allow":["GET"]}}],"collection":[{"href":"https:\/\/salehlaw.com\/es\/wp-json\/wp\/v2\/pages"}],"about":[{"href":"https:\/\/salehlaw.com\/es\/wp-json\/wp\/v2\/types\/page"}],"author":[{"embeddable":true,"href":"https:\/\/salehlaw.com\/es\/wp-json\/wp\/v2\/users\/6"}],"replies":[{"embeddable":true,"href":"https:\/\/salehlaw.com\/es\/wp-json\/wp\/v2\/comments?post=30"}],"version-history":[{"count":4,"href":"https:\/\/salehlaw.com\/es\/wp-json\/wp\/v2\/pages\/30\/revisions"}],"predecessor-version":[{"id":21709,"href":"https:\/\/salehlaw.com\/es\/wp-json\/wp\/v2\/pages\/30\/revisions\/21709"}],"wp:attachment":[{"href":"https:\/\/salehlaw.com\/es\/wp-json\/wp\/v2\/media?parent=30"}],"curies":[{"name":"wp","href":"https:\/\/api.w.org\/{rel}","templated":true}]}}